{"id":623,"date":"2022-09-06T10:46:42","date_gmt":"2022-09-06T14:46:42","guid":{"rendered":"https:\/\/protos.2point0media.com\/projets-thorcos\/"},"modified":"2022-09-07T10:38:37","modified_gmt":"2022-09-07T14:38:37","slug":"projets-thorcos","status":"publish","type":"page","link":"https:\/\/www.protos.ca\/fr\/projets-thorcos\/","title":{"rendered":"Projets Thorcos"},"content":{"rendered":"\t\t<div data-elementor-type=\"wp-page\" data-elementor-id=\"623\" class=\"elementor elementor-623 elementor-496\">\n\t\t\t\t\t\t\t\t\t<section class=\"elementor-section elementor-top-section elementor-element elementor-element-869af69 elementor-section-boxed elementor-section-height-default elementor-section-height-default\" data-id=\"869af69\" data-element_type=\"section\" data-settings=\"{&quot;background_background&quot;:&quot;classic&quot;}\">\n\t\t\t\t\t\t<div class=\"elementor-container elementor-column-gap-default\">\n\t\t\t\t\t<div class=\"elementor-column elementor-col-100 elementor-top-column elementor-element elementor-element-2aced1c\" data-id=\"2aced1c\" data-element_type=\"column\">\n\t\t\t<div class=\"elementor-widget-wrap elementor-element-populated\">\n\t\t\t\t\t\t\t\t<div class=\"elementor-element elementor-element-68f0c58 elementor-widget elementor-widget-heading\" data-id=\"68f0c58\" data-element_type=\"widget\" data-widget_type=\"heading.default\">\n\t\t\t\t<div class=\"elementor-widget-container\">\n\t\t\t<style>\/*! elementor - v3.7.8 - 02-10-2022 *\/\n.elementor-heading-title{padding:0;margin:0;line-height:1}.elementor-widget-heading .elementor-heading-title[class*=elementor-size-]>a{color:inherit;font-size:inherit;line-height:inherit}.elementor-widget-heading .elementor-heading-title.elementor-size-small{font-size:15px}.elementor-widget-heading .elementor-heading-title.elementor-size-medium{font-size:19px}.elementor-widget-heading .elementor-heading-title.elementor-size-large{font-size:29px}.elementor-widget-heading .elementor-heading-title.elementor-size-xl{font-size:39px}.elementor-widget-heading .elementor-heading-title.elementor-size-xxl{font-size:59px}<\/style><h1 class=\"elementor-heading-title elementor-size-default\">Projets Thorcos<\/h1>\t\t<\/div>\n\t\t\t\t<\/div>\n\t\t\t\t\t<\/div>\n\t\t<\/div>\n\t\t\t\t\t\t\t<\/div>\n\t\t<\/section>\n\t\t\t\t<section class=\"elementor-section elementor-top-section elementor-element elementor-element-0950960 elementor-section-boxed elementor-section-height-default elementor-section-height-default\" data-id=\"0950960\" data-element_type=\"section\">\n\t\t\t\t\t\t<div class=\"elementor-container elementor-column-gap-default\">\n\t\t\t\t\t<div class=\"elementor-column elementor-col-100 elementor-top-column elementor-element elementor-element-f37dd13\" data-id=\"f37dd13\" data-element_type=\"column\">\n\t\t\t<div class=\"elementor-widget-wrap elementor-element-populated\">\n\t\t\t\t\t\t\t\t<div class=\"elementor-element elementor-element-cc66e46 elementor-widget elementor-widget-heading\" data-id=\"cc66e46\" data-element_type=\"widget\" data-widget_type=\"heading.default\">\n\t\t\t\t<div class=\"elementor-widget-container\">\n\t\t\t<h2 class=\"elementor-heading-title elementor-size-default\">PROJETS THORCO<\/h2>\t\t<\/div>\n\t\t\t\t<\/div>\n\t\t\t\t<div class=\"elementor-element elementor-element-5151f39 elementor-widget-divider--view-line elementor-widget elementor-widget-divider\" data-id=\"5151f39\" data-element_type=\"widget\" data-widget_type=\"divider.default\">\n\t\t\t\t<div class=\"elementor-widget-container\">\n\t\t\t<style>\/*! elementor - v3.7.8 - 02-10-2022 *\/\n.elementor-widget-divider{--divider-border-style:none;--divider-border-width:1px;--divider-color:#2c2c2c;--divider-icon-size:20px;--divider-element-spacing:10px;--divider-pattern-height:24px;--divider-pattern-size:20px;--divider-pattern-url:none;--divider-pattern-repeat:repeat-x}.elementor-widget-divider .elementor-divider{display:-webkit-box;display:-ms-flexbox;display:flex}.elementor-widget-divider .elementor-divider__text{font-size:15px;line-height:1;max-width:95%}.elementor-widget-divider .elementor-divider__element{margin:0 var(--divider-element-spacing);-ms-flex-negative:0;flex-shrink:0}.elementor-widget-divider .elementor-icon{font-size:var(--divider-icon-size)}.elementor-widget-divider .elementor-divider-separator{display:-webkit-box;display:-ms-flexbox;display:flex;margin:0;direction:ltr}.elementor-widget-divider--view-line_icon .elementor-divider-separator,.elementor-widget-divider--view-line_text .elementor-divider-separator{-webkit-box-align:center;-ms-flex-align:center;align-items:center}.elementor-widget-divider--view-line_icon .elementor-divider-separator:after,.elementor-widget-divider--view-line_icon .elementor-divider-separator:before,.elementor-widget-divider--view-line_text .elementor-divider-separator:after,.elementor-widget-divider--view-line_text .elementor-divider-separator:before{display:block;content:\"\";border-bottom:0;-webkit-box-flex:1;-ms-flex-positive:1;flex-grow:1;border-top:var(--divider-border-width) var(--divider-border-style) var(--divider-color)}.elementor-widget-divider--element-align-left .elementor-divider .elementor-divider-separator>.elementor-divider__svg:first-of-type{-webkit-box-flex:0;-ms-flex-positive:0;flex-grow:0;-ms-flex-negative:100;flex-shrink:100}.elementor-widget-divider--element-align-left .elementor-divider-separator:before{content:none}.elementor-widget-divider--element-align-left .elementor-divider__element{margin-left:0}.elementor-widget-divider--element-align-right .elementor-divider .elementor-divider-separator>.elementor-divider__svg:last-of-type{-webkit-box-flex:0;-ms-flex-positive:0;flex-grow:0;-ms-flex-negative:100;flex-shrink:100}.elementor-widget-divider--element-align-right .elementor-divider-separator:after{content:none}.elementor-widget-divider--element-align-right .elementor-divider__element{margin-right:0}.elementor-widget-divider:not(.elementor-widget-divider--view-line_text):not(.elementor-widget-divider--view-line_icon) .elementor-divider-separator{border-top:var(--divider-border-width) var(--divider-border-style) var(--divider-color)}.elementor-widget-divider--separator-type-pattern{--divider-border-style:none}.elementor-widget-divider--separator-type-pattern.elementor-widget-divider--view-line .elementor-divider-separator,.elementor-widget-divider--separator-type-pattern:not(.elementor-widget-divider--view-line) .elementor-divider-separator:after,.elementor-widget-divider--separator-type-pattern:not(.elementor-widget-divider--view-line) .elementor-divider-separator:before,.elementor-widget-divider--separator-type-pattern:not([class*=elementor-widget-divider--view]) .elementor-divider-separator{width:100%;min-height:var(--divider-pattern-height);-webkit-mask-size:var(--divider-pattern-size) 100%;mask-size:var(--divider-pattern-size) 100%;-webkit-mask-repeat:var(--divider-pattern-repeat);mask-repeat:var(--divider-pattern-repeat);background-color:var(--divider-color);-webkit-mask-image:var(--divider-pattern-url);mask-image:var(--divider-pattern-url)}.elementor-widget-divider--no-spacing{--divider-pattern-size:auto}.elementor-widget-divider--bg-round{--divider-pattern-repeat:round}.rtl .elementor-widget-divider .elementor-divider__text{direction:rtl}.e-container>.elementor-widget-divider{width:var(--container-widget-width,100%);--flex-grow:var(--container-widget-flex-grow,0)}<\/style>\t\t<div class=\"elementor-divider\">\n\t\t\t<span class=\"elementor-divider-separator\">\n\t\t\t\t\t\t<\/span>\n\t\t<\/div>\n\t\t\t\t<\/div>\n\t\t\t\t<\/div>\n\t\t\t\t<div class=\"elementor-element elementor-element-ba03970 elementor-widget elementor-widget-text-editor\" data-id=\"ba03970\" data-element_type=\"widget\" data-widget_type=\"text-editor.default\">\n\t\t\t\t<div class=\"elementor-widget-container\">\n\t\t\t<style>\/*! elementor - v3.7.8 - 02-10-2022 *\/\n.elementor-widget-text-editor.elementor-drop-cap-view-stacked .elementor-drop-cap{background-color:#818a91;color:#fff}.elementor-widget-text-editor.elementor-drop-cap-view-framed .elementor-drop-cap{color:#818a91;border:3px solid;background-color:transparent}.elementor-widget-text-editor:not(.elementor-drop-cap-view-default) .elementor-drop-cap{margin-top:8px}.elementor-widget-text-editor:not(.elementor-drop-cap-view-default) .elementor-drop-cap-letter{width:1em;height:1em}.elementor-widget-text-editor .elementor-drop-cap{float:left;text-align:center;line-height:1;font-size:50px}.elementor-widget-text-editor .elementor-drop-cap-letter{display:inline-block}<\/style>\t\t\t\t<p>Thorco Projects poss\u00e8de l\u2019une des plus importantes flottes li\u00e9es \u00e0 des projets au monde; ses transporteurs de colis lourds et ses navires \u00e0 plateau peuvent transporter des cargaisons ultra-larges. Notre flotte imposante ainsi que la taille et la diversit\u00e9 de nos navires nous donnent une flexibilit\u00e9 nous permettant de manipuler \u00e0 peu pr\u00e8s n\u2019importe quel type de marchandises et d\u2019atteindre n\u2019importe quel endroit dans le monde \u00e0 tout moment. La valeur au centre de nos services est l\u2019ing\u00e9nierie. Thorco compte une grande \u00e9quipe d\u2019ing\u00e9nieurs pr\u00e9sentant des ann\u00e9es d\u2019exp\u00e9rience dans l\u2019\u00e9laboration de solutions techniques pour r\u00e9pondre aux besoins de nos clients.   <\/p><p>Thorco Projects offre une gamme compl\u00e8te de services de la plus grande qualit\u00e9 et, en d\u00e9finitive, les meilleures solutions. Elle compte comme clients aussi bien des soci\u00e9t\u00e9s figurant au palmar\u00e8s mondial Fortune 500 que des entreprises plus r\u00e9gionales et appartenant \u00e0 des int\u00e9r\u00eats priv\u00e9s. Thorco s\u2019efforce de tisser des liens \u00e0 long terme avec ses clients, ses employ\u00e9s et tous ses partenaires. Chaque jour, les employ\u00e9s de Thorco agissent avec la m\u00eame vigueur, le m\u00eame dynamisme et le m\u00eame niveau \u00e9lev\u00e9 de professionnalisme; l\u2019entreprise s\u2019efforce d\u2019\u00eatre un chef de file mondial du march\u00e9 et le transporteur privil\u00e9gi\u00e9 de ses clients.   <\/p>\t\t\t\t\t\t<\/div>\n\t\t\t\t<\/div>\n\t\t\t\t<section class=\"elementor-section elementor-inner-section elementor-element elementor-element-2ed62b3 elementor-section-boxed elementor-section-height-default elementor-section-height-default\" data-id=\"2ed62b3\" data-element_type=\"section\">\n\t\t\t\t\t\t<div class=\"elementor-container elementor-column-gap-default\">\n\t\t\t\t\t<div class=\"elementor-column elementor-col-50 elementor-inner-column elementor-element elementor-element-a3b1a76\" data-id=\"a3b1a76\" data-element_type=\"column\">\n\t\t\t<div class=\"elementor-widget-wrap elementor-element-populated\">\n\t\t\t\t\t\t\t\t<div class=\"elementor-element elementor-element-9d835ae elementor-widget elementor-widget-text-editor\" data-id=\"9d835ae\" data-element_type=\"widget\" data-widget_type=\"text-editor.default\">\n\t\t\t\t<div class=\"elementor-widget-container\">\n\t\t\t\t\t\t\t<p>Chez Thorco, nous sommes une organisation dynamique et souple dans notre fa\u00e7on de faire les choses \u2013 dans la fa\u00e7on dont nous structurons notre flotte et nos bureaux, et tout \u00e0 fait dans la fa\u00e7on dont nous structurons l\u2019organisation. Le fait d\u2019\u00eatre une entreprise priv\u00e9e nous donne de la flexibilit\u00e9 \u2013 notre organisation est tr\u00e8s peu hi\u00e9rarchis\u00e9e, et le lien entre l\u2019id\u00e9e et son ex\u00e9cution est tr\u00e8s court. Le but de Thorco est de conserver cette fa\u00e7on dynamique de faire des affaires, qui est non seulement essentielle \u00e0 la prestation du meilleur service et des normes les plus \u00e9lev\u00e9es, mais qui maintient et encourage aussi la motivation et l\u2019appropriation chez nos employ\u00e9s.  <\/p>\t\t\t\t\t\t<\/div>\n\t\t\t\t<\/div>\n\t\t\t\t\t<\/div>\n\t\t<\/div>\n\t\t\t\t<div class=\"elementor-column elementor-col-50 elementor-inner-column elementor-element elementor-element-0958651\" data-id=\"0958651\" data-element_type=\"column\">\n\t\t\t<div class=\"elementor-widget-wrap elementor-element-populated\">\n\t\t\t\t\t\t\t\t<div class=\"elementor-element elementor-element-07eb353 elementor-widget elementor-widget-image-carousel\" data-id=\"07eb353\" data-element_type=\"widget\" data-settings=\"{&quot;slides_to_show&quot;:&quot;1&quot;,&quot;slides_to_show_tablet&quot;:&quot;1&quot;,&quot;navigation&quot;:&quot;none&quot;,&quot;lazyload&quot;:&quot;yes&quot;,&quot;autoplay&quot;:&quot;yes&quot;,&quot;pause_on_hover&quot;:&quot;yes&quot;,&quot;pause_on_interaction&quot;:&quot;yes&quot;,&quot;autoplay_speed&quot;:5000,&quot;infinite&quot;:&quot;yes&quot;,&quot;effect&quot;:&quot;slide&quot;,&quot;speed&quot;:500}\" data-widget_type=\"image-carousel.default\">\n\t\t\t\t<div class=\"elementor-widget-container\">\n\t\t\t<style>\/*! elementor - v3.7.8 - 02-10-2022 *\/\n.elementor-widget-image-carousel .swiper-container{position:static}.elementor-widget-image-carousel .swiper-container .swiper-slide figure{line-height:inherit}.elementor-widget-image-carousel .swiper-slide{text-align:center}.elementor-image-carousel-wrapper:not(.swiper-container-initialized) .swiper-slide{max-width:calc(100% \/ var(--e-image-carousel-slides-to-show, 3))}<\/style>\t\t<div class=\"elementor-image-carousel-wrapper swiper-container\" dir=\"ltr\">\n\t\t\t<div class=\"elementor-image-carousel swiper-wrapper\">\n\t\t\t\t\t\t\t\t<div class=\"swiper-slide\"><a data-elementor-open-lightbox=\"yes\" data-elementor-lightbox-slideshow=\"07eb353\" data-elementor-lightbox-title=\"throco-1\" e-action-hash=\"#elementor-action%3Aaction%3Dlightbox%26settings%3DeyJpZCI6NTEyLCJ1cmwiOiJodHRwczpcL1wvd3d3LnByb3Rvcy5jYVwvd3AtY29udGVudFwvdXBsb2Fkc1wvMjAyMlwvMDlcL3Rocm9jby0xLmpwZyIsInNsaWRlc2hvdyI6IjA3ZWIzNTMifQ%3D%3D\" href=\"https:\/\/www.protos.ca\/wp-content\/uploads\/2022\/09\/throco-1.jpg\"><figure class=\"swiper-slide-inner\"><img class=\"swiper-slide-image swiper-lazy\" data-src=\"https:\/\/www.protos.ca\/wp-content\/uploads\/2022\/09\/throco-1.jpg\" alt=\"throco-1\" \/><div class=\"swiper-lazy-preloader\"><\/div><\/figure><\/a><\/div><div class=\"swiper-slide\"><a data-elementor-open-lightbox=\"yes\" data-elementor-lightbox-slideshow=\"07eb353\" data-elementor-lightbox-title=\"throco-2\" e-action-hash=\"#elementor-action%3Aaction%3Dlightbox%26settings%3DeyJpZCI6NTA4LCJ1cmwiOiJodHRwczpcL1wvd3d3LnByb3Rvcy5jYVwvd3AtY29udGVudFwvdXBsb2Fkc1wvMjAyMlwvMDlcL3Rocm9jby0yLmpwZyIsInNsaWRlc2hvdyI6IjA3ZWIzNTMifQ%3D%3D\" href=\"https:\/\/www.protos.ca\/wp-content\/uploads\/2022\/09\/throco-2.jpg\"><figure class=\"swiper-slide-inner\"><img class=\"swiper-slide-image swiper-lazy\" data-src=\"https:\/\/www.protos.ca\/wp-content\/uploads\/2022\/09\/throco-2.jpg\" alt=\"throco-2\" \/><div class=\"swiper-lazy-preloader\"><\/div><\/figure><\/a><\/div><div class=\"swiper-slide\"><a data-elementor-open-lightbox=\"yes\" data-elementor-lightbox-slideshow=\"07eb353\" data-elementor-lightbox-title=\"throco-3\" e-action-hash=\"#elementor-action%3Aaction%3Dlightbox%26settings%3DeyJpZCI6NTEwLCJ1cmwiOiJodHRwczpcL1wvd3d3LnByb3Rvcy5jYVwvd3AtY29udGVudFwvdXBsb2Fkc1wvMjAyMlwvMDlcL3Rocm9jby0zLmpwZyIsInNsaWRlc2hvdyI6IjA3ZWIzNTMifQ%3D%3D\" href=\"https:\/\/www.protos.ca\/wp-content\/uploads\/2022\/09\/throco-3.jpg\"><figure class=\"swiper-slide-inner\"><img class=\"swiper-slide-image swiper-lazy\" data-src=\"https:\/\/www.protos.ca\/wp-content\/uploads\/2022\/09\/throco-3.jpg\" alt=\"throco-3\" \/><div class=\"swiper-lazy-preloader\"><\/div><\/figure><\/a><\/div>\t\t\t<\/div>\n\t\t\t\t\t\t\t\t\t\t\t\t\t\t\t\t<\/div>\n\t\t\t\t<\/div>\n\t\t\t\t<\/div>\n\t\t\t\t\t<\/div>\n\t\t<\/div>\n\t\t\t\t\t\t\t<\/div>\n\t\t<\/section>\n\t\t\t\t\t<\/div>\n\t\t<\/div>\n\t\t\t\t\t\t\t<\/div>\n\t\t<\/section>\n\t\t\t\t\t\t\t<\/div>\n\t\t","protected":false},"excerpt":{"rendered":"<p>Projets Thorcos PROJETS THORCO Thorco Projects poss\u00e8de l\u2019une des plus importantes flottes li\u00e9es \u00e0 des projets au monde; ses transporteurs de colis lourds et ses navires \u00e0 plateau peuvent transporter des cargaisons ultra-larges. Notre flotte imposante ainsi que la taille et la diversit\u00e9 de nos navires nous donnent une flexibilit\u00e9 nous permettant de manipuler \u00e0 [&hellip;]<\/p>\n","protected":false},"author":1,"featured_media":0,"parent":0,"menu_order":0,"comment_status":"closed","ping_status":"closed","template":"","meta":{"footnotes":""},"class_list":["post-623","page","type-page","status-publish","hentry"],"yoast_head":"<!-- This site is optimized with the Yoast SEO plugin v19.9 - https:\/\/yoast.com\/wordpress\/plugins\/seo\/ -->\n<title>Projets Thorcos - Protos<\/title>\n<meta name=\"description\" content=\"Thorco Projects poss\u00e8de l\u2019une des plus importantes flottes li\u00e9es \u00e0 des projets au monde; ses transporteurs de colis lourds et ses navires \u00e0 plateau peuvent transporter des cargaisons ultra-larges.\" \/>\n<meta name=\"robots\" content=\"index, follow, max-snippet:-1, max-image-preview:large, max-video-preview:-1\" \/>\n<link rel=\"canonical\" href=\"https:\/\/www.protos.ca\/fr\/projets-thorcos\/\" \/>\n<meta property=\"og:locale\" content=\"fr_CA\" \/>\n<meta property=\"og:type\" content=\"article\" \/>\n<meta property=\"og:title\" content=\"Projets Thorcos - Protos\" \/>\n<meta property=\"og:description\" content=\"Thorco Projects poss\u00e8de l\u2019une des plus importantes flottes li\u00e9es \u00e0 des projets au monde; ses transporteurs de colis lourds et ses navires \u00e0 plateau peuvent transporter des cargaisons ultra-larges.\" \/>\n<meta property=\"og:url\" content=\"https:\/\/www.protos.ca\/fr\/projets-thorcos\/\" \/>\n<meta property=\"og:site_name\" content=\"Protos\" \/>\n<meta property=\"article:modified_time\" content=\"2022-09-07T14:38:37+00:00\" \/>\n<meta property=\"og:image\" content=\"https:\/\/protos.2point0media.com\/wp-content\/uploads\/2022\/09\/throco-1.jpg\" \/>\n<meta name=\"twitter:card\" content=\"summary_large_image\" \/>\n<meta name=\"twitter:label1\" content=\"Estimation du temps de lecture\" \/>\n\t<meta name=\"twitter:data1\" content=\"3 minutes\" \/>\n<script type=\"application\/ld+json\" class=\"yoast-schema-graph\">{\"@context\":\"https:\/\/schema.org\",\"@graph\":[{\"@type\":\"WebPage\",\"@id\":\"https:\/\/www.protos.ca\/fr\/projets-thorcos\/\",\"url\":\"https:\/\/www.protos.ca\/fr\/projets-thorcos\/\",\"name\":\"Projets Thorcos - Protos\",\"isPartOf\":{\"@id\":\"https:\/\/www.protos.ca\/fr\/#website\"},\"datePublished\":\"2022-09-06T14:46:42+00:00\",\"dateModified\":\"2022-09-07T14:38:37+00:00\",\"description\":\"Thorco Projects poss\u00e8de l\u2019une des plus importantes flottes li\u00e9es \u00e0 des projets au monde; ses transporteurs de colis lourds et ses navires \u00e0 plateau peuvent transporter des cargaisons ultra-larges.\",\"breadcrumb\":{\"@id\":\"https:\/\/www.protos.ca\/fr\/projets-thorcos\/#breadcrumb\"},\"inLanguage\":\"fr-CA\",\"potentialAction\":[{\"@type\":\"ReadAction\",\"target\":[\"https:\/\/www.protos.ca\/fr\/projets-thorcos\/\"]}]},{\"@type\":\"BreadcrumbList\",\"@id\":\"https:\/\/www.protos.ca\/fr\/projets-thorcos\/#breadcrumb\",\"itemListElement\":[{\"@type\":\"ListItem\",\"position\":1,\"name\":\"Home\",\"item\":\"https:\/\/www.protos.ca\/fr\/\"},{\"@type\":\"ListItem\",\"position\":2,\"name\":\"Projets Thorcos\"}]},{\"@type\":\"WebSite\",\"@id\":\"https:\/\/www.protos.ca\/fr\/#website\",\"url\":\"https:\/\/www.protos.ca\/fr\/\",\"name\":\"Protos\",\"description\":\"\",\"potentialAction\":[{\"@type\":\"SearchAction\",\"target\":{\"@type\":\"EntryPoint\",\"urlTemplate\":\"https:\/\/www.protos.ca\/fr\/?s={search_term_string}\"},\"query-input\":\"required name=search_term_string\"}],\"inLanguage\":\"fr-CA\"}]}<\/script>\n<!-- \/ Yoast SEO plugin. -->","yoast_head_json":{"title":"Projets Thorcos - Protos","description":"Thorco Projects poss\u00e8de l\u2019une des plus importantes flottes li\u00e9es \u00e0 des projets au monde; ses transporteurs de colis lourds et ses navires \u00e0 plateau peuvent transporter des cargaisons ultra-larges.","robots":{"index":"index","follow":"follow","max-snippet":"max-snippet:-1","max-image-preview":"max-image-preview:large","max-video-preview":"max-video-preview:-1"},"canonical":"https:\/\/www.protos.ca\/fr\/projets-thorcos\/","og_locale":"fr_CA","og_type":"article","og_title":"Projets Thorcos - Protos","og_description":"Thorco Projects poss\u00e8de l\u2019une des plus importantes flottes li\u00e9es \u00e0 des projets au monde; ses transporteurs de colis lourds et ses navires \u00e0 plateau peuvent transporter des cargaisons ultra-larges.","og_url":"https:\/\/www.protos.ca\/fr\/projets-thorcos\/","og_site_name":"Protos","article_modified_time":"2022-09-07T14:38:37+00:00","og_image":[{"url":"https:\/\/protos.2point0media.com\/wp-content\/uploads\/2022\/09\/throco-1.jpg"}],"twitter_card":"summary_large_image","twitter_misc":{"Estimation du temps de lecture":"3 minutes"},"schema":{"@context":"https:\/\/schema.org","@graph":[{"@type":"WebPage","@id":"https:\/\/www.protos.ca\/fr\/projets-thorcos\/","url":"https:\/\/www.protos.ca\/fr\/projets-thorcos\/","name":"Projets Thorcos - Protos","isPartOf":{"@id":"https:\/\/www.protos.ca\/fr\/#website"},"datePublished":"2022-09-06T14:46:42+00:00","dateModified":"2022-09-07T14:38:37+00:00","description":"Thorco Projects poss\u00e8de l\u2019une des plus importantes flottes li\u00e9es \u00e0 des projets au monde; ses transporteurs de colis lourds et ses navires \u00e0 plateau peuvent transporter des cargaisons ultra-larges.","breadcrumb":{"@id":"https:\/\/www.protos.ca\/fr\/projets-thorcos\/#breadcrumb"},"inLanguage":"fr-CA","potentialAction":[{"@type":"ReadAction","target":["https:\/\/www.protos.ca\/fr\/projets-thorcos\/"]}]},{"@type":"BreadcrumbList","@id":"https:\/\/www.protos.ca\/fr\/projets-thorcos\/#breadcrumb","itemListElement":[{"@type":"ListItem","position":1,"name":"Home","item":"https:\/\/www.protos.ca\/fr\/"},{"@type":"ListItem","position":2,"name":"Projets Thorcos"}]},{"@type":"WebSite","@id":"https:\/\/www.protos.ca\/fr\/#website","url":"https:\/\/www.protos.ca\/fr\/","name":"Protos","description":"","potentialAction":[{"@type":"SearchAction","target":{"@type":"EntryPoint","urlTemplate":"https:\/\/www.protos.ca\/fr\/?s={search_term_string}"},"query-input":"required name=search_term_string"}],"inLanguage":"fr-CA"}]}},"_links":{"self":[{"href":"https:\/\/www.protos.ca\/fr\/wp-json\/wp\/v2\/pages\/623","targetHints":{"allow":["GET"]}}],"collection":[{"href":"https:\/\/www.protos.ca\/fr\/wp-json\/wp\/v2\/pages"}],"about":[{"href":"https:\/\/www.protos.ca\/fr\/wp-json\/wp\/v2\/types\/page"}],"author":[{"embeddable":true,"href":"https:\/\/www.protos.ca\/fr\/wp-json\/wp\/v2\/users\/1"}],"replies":[{"embeddable":true,"href":"https:\/\/www.protos.ca\/fr\/wp-json\/wp\/v2\/comments?post=623"}],"version-history":[{"count":2,"href":"https:\/\/www.protos.ca\/fr\/wp-json\/wp\/v2\/pages\/623\/revisions"}],"predecessor-version":[{"id":640,"href":"https:\/\/www.protos.ca\/fr\/wp-json\/wp\/v2\/pages\/623\/revisions\/640"}],"wp:attachment":[{"href":"https:\/\/www.protos.ca\/fr\/wp-json\/wp\/v2\/media?parent=623"}],"curies":[{"name":"wp","href":"https:\/\/api.w.org\/{rel}","templated":true}]}}