{"id":619,"date":"2022-09-01T08:56:06","date_gmt":"2022-09-01T12:56:06","guid":{"rendered":"https:\/\/protos.2point0media.com\/tote-maritime\/"},"modified":"2022-09-07T10:38:08","modified_gmt":"2022-09-07T14:38:08","slug":"tote-maritime","status":"publish","type":"page","link":"https:\/\/www.protos.ca\/fr\/tote-maritime\/","title":{"rendered":"Tote Maritime"},"content":{"rendered":"\t\t<div data-elementor-type=\"wp-page\" data-elementor-id=\"619\" class=\"elementor elementor-619 elementor-482\">\n\t\t\t\t\t\t\t\t\t<section class=\"elementor-section elementor-top-section elementor-element elementor-element-8b2eae2 elementor-section-boxed elementor-section-height-default elementor-section-height-default\" data-id=\"8b2eae2\" data-element_type=\"section\" data-settings=\"{&quot;background_background&quot;:&quot;classic&quot;}\">\n\t\t\t\t\t\t<div class=\"elementor-container elementor-column-gap-default\">\n\t\t\t\t\t<div class=\"elementor-column elementor-col-100 elementor-top-column elementor-element elementor-element-df137a3\" data-id=\"df137a3\" data-element_type=\"column\">\n\t\t\t<div class=\"elementor-widget-wrap elementor-element-populated\">\n\t\t\t\t\t\t\t\t<div class=\"elementor-element elementor-element-00e6e2a elementor-widget elementor-widget-heading\" data-id=\"00e6e2a\" data-element_type=\"widget\" data-widget_type=\"heading.default\">\n\t\t\t\t<div class=\"elementor-widget-container\">\n\t\t\t<style>\/*! elementor - v3.7.8 - 02-10-2022 *\/\n.elementor-heading-title{padding:0;margin:0;line-height:1}.elementor-widget-heading .elementor-heading-title[class*=elementor-size-]>a{color:inherit;font-size:inherit;line-height:inherit}.elementor-widget-heading .elementor-heading-title.elementor-size-small{font-size:15px}.elementor-widget-heading .elementor-heading-title.elementor-size-medium{font-size:19px}.elementor-widget-heading .elementor-heading-title.elementor-size-large{font-size:29px}.elementor-widget-heading .elementor-heading-title.elementor-size-xl{font-size:39px}.elementor-widget-heading .elementor-heading-title.elementor-size-xxl{font-size:59px}<\/style><h1 class=\"elementor-heading-title elementor-size-default\">Tote Maritime<\/h1>\t\t<\/div>\n\t\t\t\t<\/div>\n\t\t\t\t\t<\/div>\n\t\t<\/div>\n\t\t\t\t\t\t\t<\/div>\n\t\t<\/section>\n\t\t\t\t<section class=\"elementor-section elementor-top-section elementor-element elementor-element-31ac3d0 elementor-section-boxed elementor-section-height-default elementor-section-height-default\" data-id=\"31ac3d0\" data-element_type=\"section\">\n\t\t\t\t\t\t<div class=\"elementor-container elementor-column-gap-default\">\n\t\t\t\t\t<div class=\"elementor-column elementor-col-50 elementor-top-column elementor-element elementor-element-dcb3f6b\" data-id=\"dcb3f6b\" data-element_type=\"column\">\n\t\t\t<div class=\"elementor-widget-wrap elementor-element-populated\">\n\t\t\t\t\t\t\t\t<div class=\"elementor-element elementor-element-47f60f5 elementor-widget elementor-widget-heading\" data-id=\"47f60f5\" data-element_type=\"widget\" data-widget_type=\"heading.default\">\n\t\t\t\t<div class=\"elementor-widget-container\">\n\t\t\t<h2 class=\"elementor-heading-title elementor-size-default\">TOTE MARITIME OFFRE UN SERVICE DE TRANSPORT FIABLE ET S\u00c9CURITAIRE.<\/h2>\t\t<\/div>\n\t\t\t\t<\/div>\n\t\t\t\t<div class=\"elementor-element elementor-element-2d49036 elementor-widget-divider--view-line elementor-widget elementor-widget-divider\" data-id=\"2d49036\" data-element_type=\"widget\" data-widget_type=\"divider.default\">\n\t\t\t\t<div class=\"elementor-widget-container\">\n\t\t\t<style>\/*! elementor - v3.7.8 - 02-10-2022 *\/\n.elementor-widget-divider{--divider-border-style:none;--divider-border-width:1px;--divider-color:#2c2c2c;--divider-icon-size:20px;--divider-element-spacing:10px;--divider-pattern-height:24px;--divider-pattern-size:20px;--divider-pattern-url:none;--divider-pattern-repeat:repeat-x}.elementor-widget-divider .elementor-divider{display:-webkit-box;display:-ms-flexbox;display:flex}.elementor-widget-divider .elementor-divider__text{font-size:15px;line-height:1;max-width:95%}.elementor-widget-divider .elementor-divider__element{margin:0 var(--divider-element-spacing);-ms-flex-negative:0;flex-shrink:0}.elementor-widget-divider .elementor-icon{font-size:var(--divider-icon-size)}.elementor-widget-divider .elementor-divider-separator{display:-webkit-box;display:-ms-flexbox;display:flex;margin:0;direction:ltr}.elementor-widget-divider--view-line_icon .elementor-divider-separator,.elementor-widget-divider--view-line_text .elementor-divider-separator{-webkit-box-align:center;-ms-flex-align:center;align-items:center}.elementor-widget-divider--view-line_icon .elementor-divider-separator:after,.elementor-widget-divider--view-line_icon .elementor-divider-separator:before,.elementor-widget-divider--view-line_text .elementor-divider-separator:after,.elementor-widget-divider--view-line_text .elementor-divider-separator:before{display:block;content:\"\";border-bottom:0;-webkit-box-flex:1;-ms-flex-positive:1;flex-grow:1;border-top:var(--divider-border-width) var(--divider-border-style) var(--divider-color)}.elementor-widget-divider--element-align-left .elementor-divider .elementor-divider-separator>.elementor-divider__svg:first-of-type{-webkit-box-flex:0;-ms-flex-positive:0;flex-grow:0;-ms-flex-negative:100;flex-shrink:100}.elementor-widget-divider--element-align-left .elementor-divider-separator:before{content:none}.elementor-widget-divider--element-align-left .elementor-divider__element{margin-left:0}.elementor-widget-divider--element-align-right .elementor-divider .elementor-divider-separator>.elementor-divider__svg:last-of-type{-webkit-box-flex:0;-ms-flex-positive:0;flex-grow:0;-ms-flex-negative:100;flex-shrink:100}.elementor-widget-divider--element-align-right .elementor-divider-separator:after{content:none}.elementor-widget-divider--element-align-right .elementor-divider__element{margin-right:0}.elementor-widget-divider:not(.elementor-widget-divider--view-line_text):not(.elementor-widget-divider--view-line_icon) .elementor-divider-separator{border-top:var(--divider-border-width) var(--divider-border-style) var(--divider-color)}.elementor-widget-divider--separator-type-pattern{--divider-border-style:none}.elementor-widget-divider--separator-type-pattern.elementor-widget-divider--view-line .elementor-divider-separator,.elementor-widget-divider--separator-type-pattern:not(.elementor-widget-divider--view-line) .elementor-divider-separator:after,.elementor-widget-divider--separator-type-pattern:not(.elementor-widget-divider--view-line) .elementor-divider-separator:before,.elementor-widget-divider--separator-type-pattern:not([class*=elementor-widget-divider--view]) .elementor-divider-separator{width:100%;min-height:var(--divider-pattern-height);-webkit-mask-size:var(--divider-pattern-size) 100%;mask-size:var(--divider-pattern-size) 100%;-webkit-mask-repeat:var(--divider-pattern-repeat);mask-repeat:var(--divider-pattern-repeat);background-color:var(--divider-color);-webkit-mask-image:var(--divider-pattern-url);mask-image:var(--divider-pattern-url)}.elementor-widget-divider--no-spacing{--divider-pattern-size:auto}.elementor-widget-divider--bg-round{--divider-pattern-repeat:round}.rtl .elementor-widget-divider .elementor-divider__text{direction:rtl}.e-container>.elementor-widget-divider{width:var(--container-widget-width,100%);--flex-grow:var(--container-widget-flex-grow,0)}<\/style>\t\t<div class=\"elementor-divider\">\n\t\t\t<span class=\"elementor-divider-separator\">\n\t\t\t\t\t\t<\/span>\n\t\t<\/div>\n\t\t\t\t<\/div>\n\t\t\t\t<\/div>\n\t\t\t\t<div class=\"elementor-element elementor-element-f9e5872 elementor-widget elementor-widget-image\" data-id=\"f9e5872\" data-element_type=\"widget\" data-widget_type=\"image.default\">\n\t\t\t\t<div class=\"elementor-widget-container\">\n\t\t\t<style>\/*! elementor - v3.7.8 - 02-10-2022 *\/\n.elementor-widget-image{text-align:center}.elementor-widget-image a{display:inline-block}.elementor-widget-image a img[src$=\".svg\"]{width:48px}.elementor-widget-image img{vertical-align:middle;display:inline-block}<\/style>\t\t\t\t\t\t\t\t\t\t\t\t<img loading=\"lazy\" decoding=\"async\" width=\"570\" height=\"481\" src=\"https:\/\/www.protos.ca\/wp-content\/uploads\/2022\/09\/TOTE.png\" class=\"attachment-full size-full\" alt=\"\" srcset=\"https:\/\/www.protos.ca\/wp-content\/uploads\/2022\/09\/TOTE.png 570w, https:\/\/www.protos.ca\/wp-content\/uploads\/2022\/09\/TOTE-300x253.png 300w\" sizes=\"auto, (max-width: 570px) 100vw, 570px\" \/>\t\t\t\t\t\t\t\t\t\t\t\t\t\t\t<\/div>\n\t\t\t\t<\/div>\n\t\t\t\t\t<\/div>\n\t\t<\/div>\n\t\t\t\t<div class=\"elementor-column elementor-col-50 elementor-top-column elementor-element elementor-element-5f415f1\" data-id=\"5f415f1\" data-element_type=\"column\">\n\t\t\t<div class=\"elementor-widget-wrap elementor-element-populated\">\n\t\t\t\t\t\t\t\t<div class=\"elementor-element elementor-element-cdbef2d elementor-widget elementor-widget-text-editor\" data-id=\"cdbef2d\" data-element_type=\"widget\" data-widget_type=\"text-editor.default\">\n\t\t\t\t<div class=\"elementor-widget-container\">\n\t\t\t<style>\/*! elementor - v3.7.8 - 02-10-2022 *\/\n.elementor-widget-text-editor.elementor-drop-cap-view-stacked .elementor-drop-cap{background-color:#818a91;color:#fff}.elementor-widget-text-editor.elementor-drop-cap-view-framed .elementor-drop-cap{color:#818a91;border:3px solid;background-color:transparent}.elementor-widget-text-editor:not(.elementor-drop-cap-view-default) .elementor-drop-cap{margin-top:8px}.elementor-widget-text-editor:not(.elementor-drop-cap-view-default) .elementor-drop-cap-letter{width:1em;height:1em}.elementor-widget-text-editor .elementor-drop-cap{float:left;text-align:center;line-height:1;font-size:50px}.elementor-widget-text-editor .elementor-drop-cap-letter{display:inline-block}<\/style>\t\t\t\t<p>Tote Maritime offre un service de transport fiable et s\u00e9curitaire sur le march\u00e9 de Porto Rico et des pays des Cara\u00efbes associ\u00e9s.<\/p><p>Nos navires de manutention verticale rapide sont les plus polyvalents sur le march\u00e9 et sont appuy\u00e9s par un r\u00e9seau unifi\u00e9 d\u2019installations portuaires, de syst\u00e8mes de soutien et de ressources de transport int\u00e9rieur.<\/p><ul><li>D\u00e9placements bihebdomadaires entre Jacksonville en Floride et San Juan \u00e0 Porto Rico.<\/li><li>Service hebdomadaire vers les \u00eeles Vierges am\u00e9ricaines<\/li><li>Navires les plus polyvalents du march\u00e9 portoricain<\/li><li>Choix d\u2019\u00e9quipement novateur \u00e0 la fine pointe de la technologie<\/li><li>Installations terminales efficaces qui permettent des temps d\u2019escale brefs<\/li><\/ul>\t\t\t\t\t\t<\/div>\n\t\t\t\t<\/div>\n\t\t\t\t\t<\/div>\n\t\t<\/div>\n\t\t\t\t\t\t\t<\/div>\n\t\t<\/section>\n\t\t\t\t\t\t\t<\/div>\n\t\t","protected":false},"excerpt":{"rendered":"<p>Tote Maritime TOTE MARITIME OFFRE UN SERVICE DE TRANSPORT FIABLE ET S\u00c9CURITAIRE. Tote Maritime offre un service de transport fiable et s\u00e9curitaire sur le march\u00e9 de Porto Rico et des pays des Cara\u00efbes associ\u00e9s. Nos navires de manutention verticale rapide sont les plus polyvalents sur le march\u00e9 et sont appuy\u00e9s par un r\u00e9seau unifi\u00e9 d\u2019installations [&hellip;]<\/p>\n","protected":false},"author":1,"featured_media":0,"parent":0,"menu_order":0,"comment_status":"closed","ping_status":"closed","template":"","meta":{"footnotes":""},"class_list":["post-619","page","type-page","status-publish","hentry"],"yoast_head":"<!-- This site is optimized with the Yoast SEO plugin v19.9 - https:\/\/yoast.com\/wordpress\/plugins\/seo\/ -->\n<title>Tote Maritime - Protos<\/title>\n<meta name=\"description\" content=\"Tote Maritime offre un service de transport fiable et s\u00e9curitaire sur le march\u00e9 de Porto Rico et des pays des Cara\u00efbes associ\u00e9s.\" \/>\n<meta name=\"robots\" content=\"index, follow, max-snippet:-1, max-image-preview:large, max-video-preview:-1\" \/>\n<link rel=\"canonical\" href=\"https:\/\/www.protos.ca\/fr\/tote-maritime\/\" \/>\n<meta property=\"og:locale\" content=\"fr_CA\" \/>\n<meta property=\"og:type\" content=\"article\" \/>\n<meta property=\"og:title\" content=\"Tote Maritime - Protos\" \/>\n<meta property=\"og:description\" content=\"Tote Maritime offre un service de transport fiable et s\u00e9curitaire sur le march\u00e9 de Porto Rico et des pays des Cara\u00efbes associ\u00e9s.\" \/>\n<meta property=\"og:url\" content=\"https:\/\/www.protos.ca\/fr\/tote-maritime\/\" \/>\n<meta property=\"og:site_name\" content=\"Protos\" \/>\n<meta property=\"article:modified_time\" content=\"2022-09-07T14:38:08+00:00\" \/>\n<meta property=\"og:image\" content=\"https:\/\/protos.2point0media.com\/wp-content\/uploads\/2022\/09\/TOTE.png\" \/>\n<meta name=\"twitter:card\" content=\"summary_large_image\" \/>\n<meta name=\"twitter:label1\" content=\"Estimation du temps de lecture\" \/>\n\t<meta name=\"twitter:data1\" content=\"1 minute\" \/>\n<script type=\"application\/ld+json\" class=\"yoast-schema-graph\">{\"@context\":\"https:\/\/schema.org\",\"@graph\":[{\"@type\":\"WebPage\",\"@id\":\"https:\/\/www.protos.ca\/fr\/tote-maritime\/\",\"url\":\"https:\/\/www.protos.ca\/fr\/tote-maritime\/\",\"name\":\"Tote Maritime - Protos\",\"isPartOf\":{\"@id\":\"https:\/\/www.protos.ca\/fr\/#website\"},\"datePublished\":\"2022-09-01T12:56:06+00:00\",\"dateModified\":\"2022-09-07T14:38:08+00:00\",\"description\":\"Tote Maritime offre un service de transport fiable et s\u00e9curitaire sur le march\u00e9 de Porto Rico et des pays des Cara\u00efbes associ\u00e9s.\",\"breadcrumb\":{\"@id\":\"https:\/\/www.protos.ca\/fr\/tote-maritime\/#breadcrumb\"},\"inLanguage\":\"fr-CA\",\"potentialAction\":[{\"@type\":\"ReadAction\",\"target\":[\"https:\/\/www.protos.ca\/fr\/tote-maritime\/\"]}]},{\"@type\":\"BreadcrumbList\",\"@id\":\"https:\/\/www.protos.ca\/fr\/tote-maritime\/#breadcrumb\",\"itemListElement\":[{\"@type\":\"ListItem\",\"position\":1,\"name\":\"Home\",\"item\":\"https:\/\/www.protos.ca\/fr\/\"},{\"@type\":\"ListItem\",\"position\":2,\"name\":\"Tote Maritime\"}]},{\"@type\":\"WebSite\",\"@id\":\"https:\/\/www.protos.ca\/fr\/#website\",\"url\":\"https:\/\/www.protos.ca\/fr\/\",\"name\":\"Protos\",\"description\":\"\",\"potentialAction\":[{\"@type\":\"SearchAction\",\"target\":{\"@type\":\"EntryPoint\",\"urlTemplate\":\"https:\/\/www.protos.ca\/fr\/?s={search_term_string}\"},\"query-input\":\"required name=search_term_string\"}],\"inLanguage\":\"fr-CA\"}]}<\/script>\n<!-- \/ Yoast SEO plugin. -->","yoast_head_json":{"title":"Tote Maritime - Protos","description":"Tote Maritime offre un service de transport fiable et s\u00e9curitaire sur le march\u00e9 de Porto Rico et des pays des Cara\u00efbes associ\u00e9s.","robots":{"index":"index","follow":"follow","max-snippet":"max-snippet:-1","max-image-preview":"max-image-preview:large","max-video-preview":"max-video-preview:-1"},"canonical":"https:\/\/www.protos.ca\/fr\/tote-maritime\/","og_locale":"fr_CA","og_type":"article","og_title":"Tote Maritime - Protos","og_description":"Tote Maritime offre un service de transport fiable et s\u00e9curitaire sur le march\u00e9 de Porto Rico et des pays des Cara\u00efbes associ\u00e9s.","og_url":"https:\/\/www.protos.ca\/fr\/tote-maritime\/","og_site_name":"Protos","article_modified_time":"2022-09-07T14:38:08+00:00","og_image":[{"url":"https:\/\/protos.2point0media.com\/wp-content\/uploads\/2022\/09\/TOTE.png"}],"twitter_card":"summary_large_image","twitter_misc":{"Estimation du temps de lecture":"1 minute"},"schema":{"@context":"https:\/\/schema.org","@graph":[{"@type":"WebPage","@id":"https:\/\/www.protos.ca\/fr\/tote-maritime\/","url":"https:\/\/www.protos.ca\/fr\/tote-maritime\/","name":"Tote Maritime - Protos","isPartOf":{"@id":"https:\/\/www.protos.ca\/fr\/#website"},"datePublished":"2022-09-01T12:56:06+00:00","dateModified":"2022-09-07T14:38:08+00:00","description":"Tote Maritime offre un service de transport fiable et s\u00e9curitaire sur le march\u00e9 de Porto Rico et des pays des Cara\u00efbes associ\u00e9s.","breadcrumb":{"@id":"https:\/\/www.protos.ca\/fr\/tote-maritime\/#breadcrumb"},"inLanguage":"fr-CA","potentialAction":[{"@type":"ReadAction","target":["https:\/\/www.protos.ca\/fr\/tote-maritime\/"]}]},{"@type":"BreadcrumbList","@id":"https:\/\/www.protos.ca\/fr\/tote-maritime\/#breadcrumb","itemListElement":[{"@type":"ListItem","position":1,"name":"Home","item":"https:\/\/www.protos.ca\/fr\/"},{"@type":"ListItem","position":2,"name":"Tote Maritime"}]},{"@type":"WebSite","@id":"https:\/\/www.protos.ca\/fr\/#website","url":"https:\/\/www.protos.ca\/fr\/","name":"Protos","description":"","potentialAction":[{"@type":"SearchAction","target":{"@type":"EntryPoint","urlTemplate":"https:\/\/www.protos.ca\/fr\/?s={search_term_string}"},"query-input":"required name=search_term_string"}],"inLanguage":"fr-CA"}]}},"_links":{"self":[{"href":"https:\/\/www.protos.ca\/fr\/wp-json\/wp\/v2\/pages\/619","targetHints":{"allow":["GET"]}}],"collection":[{"href":"https:\/\/www.protos.ca\/fr\/wp-json\/wp\/v2\/pages"}],"about":[{"href":"https:\/\/www.protos.ca\/fr\/wp-json\/wp\/v2\/types\/page"}],"author":[{"embeddable":true,"href":"https:\/\/www.protos.ca\/fr\/wp-json\/wp\/v2\/users\/1"}],"replies":[{"embeddable":true,"href":"https:\/\/www.protos.ca\/fr\/wp-json\/wp\/v2\/comments?post=619"}],"version-history":[{"count":2,"href":"https:\/\/www.protos.ca\/fr\/wp-json\/wp\/v2\/pages\/619\/revisions"}],"predecessor-version":[{"id":638,"href":"https:\/\/www.protos.ca\/fr\/wp-json\/wp\/v2\/pages\/619\/revisions\/638"}],"wp:attachment":[{"href":"https:\/\/www.protos.ca\/fr\/wp-json\/wp\/v2\/media?parent=619"}],"curies":[{"name":"wp","href":"https:\/\/api.w.org\/{rel}","templated":true}]}}