{"id":613,"date":"2022-09-01T08:43:52","date_gmt":"2022-09-01T12:43:52","guid":{"rendered":"https:\/\/protos.2point0media.com\/canada-states-africa-line\/"},"modified":"2022-09-07T10:37:28","modified_gmt":"2022-09-07T14:37:28","slug":"canada-states-africa-line","status":"publish","type":"page","link":"https:\/\/www.protos.ca\/fr\/canada-states-africa-line\/","title":{"rendered":"Canada States Africa Line"},"content":{"rendered":"\t\t<div data-elementor-type=\"wp-page\" data-elementor-id=\"613\" class=\"elementor elementor-613 elementor-455\">\n\t\t\t\t\t\t\t\t\t<section class=\"elementor-section elementor-top-section elementor-element elementor-element-baf89b9 elementor-section-boxed elementor-section-height-default elementor-section-height-default\" data-id=\"baf89b9\" data-element_type=\"section\" data-settings=\"{&quot;background_background&quot;:&quot;classic&quot;}\">\n\t\t\t\t\t\t<div class=\"elementor-container elementor-column-gap-default\">\n\t\t\t\t\t<div class=\"elementor-column elementor-col-100 elementor-top-column elementor-element elementor-element-d11cf81\" data-id=\"d11cf81\" data-element_type=\"column\">\n\t\t\t<div class=\"elementor-widget-wrap elementor-element-populated\">\n\t\t\t\t\t\t\t\t<div class=\"elementor-element elementor-element-453e7e5 elementor-widget elementor-widget-heading\" data-id=\"453e7e5\" data-element_type=\"widget\" data-widget_type=\"heading.default\">\n\t\t\t\t<div class=\"elementor-widget-container\">\n\t\t\t<style>\/*! elementor - v3.7.8 - 02-10-2022 *\/\n.elementor-heading-title{padding:0;margin:0;line-height:1}.elementor-widget-heading .elementor-heading-title[class*=elementor-size-]>a{color:inherit;font-size:inherit;line-height:inherit}.elementor-widget-heading .elementor-heading-title.elementor-size-small{font-size:15px}.elementor-widget-heading .elementor-heading-title.elementor-size-medium{font-size:19px}.elementor-widget-heading .elementor-heading-title.elementor-size-large{font-size:29px}.elementor-widget-heading .elementor-heading-title.elementor-size-xl{font-size:39px}.elementor-widget-heading .elementor-heading-title.elementor-size-xxl{font-size:59px}<\/style><h1 class=\"elementor-heading-title elementor-size-default\">Canada States Africa Line<\/h1>\t\t<\/div>\n\t\t\t\t<\/div>\n\t\t\t\t\t<\/div>\n\t\t<\/div>\n\t\t\t\t\t\t\t<\/div>\n\t\t<\/section>\n\t\t\t\t<section class=\"elementor-section elementor-top-section elementor-element elementor-element-eb558b0 elementor-section-boxed elementor-section-height-default elementor-section-height-default\" data-id=\"eb558b0\" data-element_type=\"section\">\n\t\t\t\t\t\t<div class=\"elementor-container elementor-column-gap-default\">\n\t\t\t\t\t<div class=\"elementor-column elementor-col-50 elementor-top-column elementor-element elementor-element-cac2481\" data-id=\"cac2481\" data-element_type=\"column\">\n\t\t\t<div class=\"elementor-widget-wrap elementor-element-populated\">\n\t\t\t\t\t\t\t\t<div class=\"elementor-element elementor-element-21cf820 elementor-widget elementor-widget-heading\" data-id=\"21cf820\" data-element_type=\"widget\" data-widget_type=\"heading.default\">\n\t\t\t\t<div class=\"elementor-widget-container\">\n\t\t\t<h2 class=\"elementor-heading-title elementor-size-default\">CSAL EST UNE SOCI\u00c9T\u00c9 DE TRANSPORT MARITIME NOUVELLEMENT CR\u00c9\u00c9E QUI CONNA\u00ceT UNE FORTE CROISSANCE.\n<\/h2>\t\t<\/div>\n\t\t\t\t<\/div>\n\t\t\t\t<div class=\"elementor-element elementor-element-ab20068 elementor-widget-divider--view-line elementor-widget elementor-widget-divider\" data-id=\"ab20068\" data-element_type=\"widget\" data-widget_type=\"divider.default\">\n\t\t\t\t<div class=\"elementor-widget-container\">\n\t\t\t<style>\/*! elementor - v3.7.8 - 02-10-2022 *\/\n.elementor-widget-divider{--divider-border-style:none;--divider-border-width:1px;--divider-color:#2c2c2c;--divider-icon-size:20px;--divider-element-spacing:10px;--divider-pattern-height:24px;--divider-pattern-size:20px;--divider-pattern-url:none;--divider-pattern-repeat:repeat-x}.elementor-widget-divider .elementor-divider{display:-webkit-box;display:-ms-flexbox;display:flex}.elementor-widget-divider .elementor-divider__text{font-size:15px;line-height:1;max-width:95%}.elementor-widget-divider .elementor-divider__element{margin:0 var(--divider-element-spacing);-ms-flex-negative:0;flex-shrink:0}.elementor-widget-divider .elementor-icon{font-size:var(--divider-icon-size)}.elementor-widget-divider .elementor-divider-separator{display:-webkit-box;display:-ms-flexbox;display:flex;margin:0;direction:ltr}.elementor-widget-divider--view-line_icon .elementor-divider-separator,.elementor-widget-divider--view-line_text .elementor-divider-separator{-webkit-box-align:center;-ms-flex-align:center;align-items:center}.elementor-widget-divider--view-line_icon .elementor-divider-separator:after,.elementor-widget-divider--view-line_icon .elementor-divider-separator:before,.elementor-widget-divider--view-line_text .elementor-divider-separator:after,.elementor-widget-divider--view-line_text .elementor-divider-separator:before{display:block;content:\"\";border-bottom:0;-webkit-box-flex:1;-ms-flex-positive:1;flex-grow:1;border-top:var(--divider-border-width) var(--divider-border-style) var(--divider-color)}.elementor-widget-divider--element-align-left .elementor-divider .elementor-divider-separator>.elementor-divider__svg:first-of-type{-webkit-box-flex:0;-ms-flex-positive:0;flex-grow:0;-ms-flex-negative:100;flex-shrink:100}.elementor-widget-divider--element-align-left .elementor-divider-separator:before{content:none}.elementor-widget-divider--element-align-left .elementor-divider__element{margin-left:0}.elementor-widget-divider--element-align-right .elementor-divider .elementor-divider-separator>.elementor-divider__svg:last-of-type{-webkit-box-flex:0;-ms-flex-positive:0;flex-grow:0;-ms-flex-negative:100;flex-shrink:100}.elementor-widget-divider--element-align-right .elementor-divider-separator:after{content:none}.elementor-widget-divider--element-align-right .elementor-divider__element{margin-right:0}.elementor-widget-divider:not(.elementor-widget-divider--view-line_text):not(.elementor-widget-divider--view-line_icon) .elementor-divider-separator{border-top:var(--divider-border-width) var(--divider-border-style) var(--divider-color)}.elementor-widget-divider--separator-type-pattern{--divider-border-style:none}.elementor-widget-divider--separator-type-pattern.elementor-widget-divider--view-line .elementor-divider-separator,.elementor-widget-divider--separator-type-pattern:not(.elementor-widget-divider--view-line) .elementor-divider-separator:after,.elementor-widget-divider--separator-type-pattern:not(.elementor-widget-divider--view-line) .elementor-divider-separator:before,.elementor-widget-divider--separator-type-pattern:not([class*=elementor-widget-divider--view]) .elementor-divider-separator{width:100%;min-height:var(--divider-pattern-height);-webkit-mask-size:var(--divider-pattern-size) 100%;mask-size:var(--divider-pattern-size) 100%;-webkit-mask-repeat:var(--divider-pattern-repeat);mask-repeat:var(--divider-pattern-repeat);background-color:var(--divider-color);-webkit-mask-image:var(--divider-pattern-url);mask-image:var(--divider-pattern-url)}.elementor-widget-divider--no-spacing{--divider-pattern-size:auto}.elementor-widget-divider--bg-round{--divider-pattern-repeat:round}.rtl .elementor-widget-divider .elementor-divider__text{direction:rtl}.e-container>.elementor-widget-divider{width:var(--container-widget-width,100%);--flex-grow:var(--container-widget-flex-grow,0)}<\/style>\t\t<div class=\"elementor-divider\">\n\t\t\t<span class=\"elementor-divider-separator\">\n\t\t\t\t\t\t<\/span>\n\t\t<\/div>\n\t\t\t\t<\/div>\n\t\t\t\t<\/div>\n\t\t\t\t<div class=\"elementor-element elementor-element-ca115e8 elementor-widget elementor-widget-image\" data-id=\"ca115e8\" data-element_type=\"widget\" data-widget_type=\"image.default\">\n\t\t\t\t<div class=\"elementor-widget-container\">\n\t\t\t<style>\/*! elementor - v3.7.8 - 02-10-2022 *\/\n.elementor-widget-image{text-align:center}.elementor-widget-image a{display:inline-block}.elementor-widget-image a img[src$=\".svg\"]{width:48px}.elementor-widget-image img{vertical-align:middle;display:inline-block}<\/style>\t\t\t\t\t\t\t\t\t\t\t\t<img loading=\"lazy\" decoding=\"async\" width=\"570\" height=\"481\" src=\"https:\/\/www.protos.ca\/wp-content\/uploads\/2022\/09\/Canada-States-Africa-Line.png\" class=\"attachment-large size-large\" alt=\"\" srcset=\"https:\/\/www.protos.ca\/wp-content\/uploads\/2022\/09\/Canada-States-Africa-Line.png 570w, https:\/\/www.protos.ca\/wp-content\/uploads\/2022\/09\/Canada-States-Africa-Line-300x253.png 300w\" sizes=\"auto, (max-width: 570px) 100vw, 570px\" \/>\t\t\t\t\t\t\t\t\t\t\t\t\t\t\t<\/div>\n\t\t\t\t<\/div>\n\t\t\t\t\t<\/div>\n\t\t<\/div>\n\t\t\t\t<div class=\"elementor-column elementor-col-50 elementor-top-column elementor-element elementor-element-8d468fd\" data-id=\"8d468fd\" data-element_type=\"column\">\n\t\t\t<div class=\"elementor-widget-wrap elementor-element-populated\">\n\t\t\t\t\t\t\t\t<div class=\"elementor-element elementor-element-f2e0af6 elementor-widget elementor-widget-text-editor\" data-id=\"f2e0af6\" data-element_type=\"widget\" data-widget_type=\"text-editor.default\">\n\t\t\t\t<div class=\"elementor-widget-container\">\n\t\t\t<style>\/*! elementor - v3.7.8 - 02-10-2022 *\/\n.elementor-widget-text-editor.elementor-drop-cap-view-stacked .elementor-drop-cap{background-color:#818a91;color:#fff}.elementor-widget-text-editor.elementor-drop-cap-view-framed .elementor-drop-cap{color:#818a91;border:3px solid;background-color:transparent}.elementor-widget-text-editor:not(.elementor-drop-cap-view-default) .elementor-drop-cap{margin-top:8px}.elementor-widget-text-editor:not(.elementor-drop-cap-view-default) .elementor-drop-cap-letter{width:1em;height:1em}.elementor-widget-text-editor .elementor-drop-cap{float:left;text-align:center;line-height:1;font-size:50px}.elementor-widget-text-editor .elementor-drop-cap-letter{display:inline-block}<\/style>\t\t\t\t<p>Canada States Africa Line (CSAL), une soci\u00e9t\u00e9 de transport maritime nouvellement cr\u00e9\u00e9e qui conna\u00eet une forte croissance, offre un service maritime de ligne direct entre le Canada, la c\u00f4te Est des \u00c9tats-Unis, la c\u00f4te du golfe du Mexique et l\u2019Afrique australe. L\u2019entreprise est officiellement arriv\u00e9e sur le march\u00e9 des transports maritimes en mars 2008; cependant, le service \u00e9tait d\u00e9j\u00e0 offert sous diff\u00e9rents noms et par diff\u00e9rents propri\u00e9taires depuis 1956. Lorsque CSAL a pris possession de la ligne en 2008, elle a commenc\u00e9 par exploiter deux navires pour desservir les ports de Montr\u00e9al et Baltimore en Am\u00e9rique du Nord et certains ports de l\u2019Afrique australe. Durant l\u2019ann\u00e9e qui a suivi sa cr\u00e9ation, CSAL a doubl\u00e9 sa flotte et a \u00e9tendu sa zone g\u00e9ographique en faisant escale \u00e0 davantage de ports sur une base r\u00e9guli\u00e8re et si la quantit\u00e9 de marchandises le justifiait.   <\/p><p>\u00c0 l\u2019heure actuelle, CSAL exploite quatre navires polyvalents qui offrent un service mensuel sur son itin\u00e9raire commercial. Les ports d\u2019escale habituels sont Montr\u00e9al, Baltimore, Savannah, La Nouvelle-Orl\u00e9ans et Houston en Am\u00e9rique du Nord; Walvis Bay en Namibie; ainsi que Durban, Richards Bay et Le Cap en Afrique du Sud. Un certain nombre de ports comme Tema (Ghana), Tamatave (Madagascar), Dar es Salaam (Tanzanie) et d\u2019autres situ\u00e9s le long de l\u2019itin\u00e9raire sont desservis si la quantit\u00e9 de marchandises le justifie. Le service direct offert par CSAL permet de r\u00e9duire le temps de d\u00e9placement transatlantique de 22 \u00e0 32 jours, selon la rotation. Un service direct combin\u00e9 \u00e0 une planification minutieuse et \u00e0 une programmation fiable permettent \u00e0 la ligne d\u2019\u00e9viter les transbordements inutiles et une manipulation suppl\u00e9mentaire de la cargaison, ce qui assure la s\u00e9curit\u00e9 des marchandises, une livraison \u00e0 temps et une r\u00e9duction des co\u00fbts.    <\/p><p>La ligne utilise des navires de type \u00ab Astrakhan Mark III \u00bb. Ces derniers sont des transporteurs \u00e0 entrepont polyvalents munis d\u2019une rampe arri\u00e8re et d\u2019un \u00e9quipement de manutention des colis lourds, ce qui permet une grande polyvalence dans la manipulation de diverses combinaisons de marchandises comme du vrac, du semi-vrac, des cargaisons embarqu\u00e9es et d\u00e9barqu\u00e9es par transroulage, des mati\u00e8res dangereuses, des colis lourds et des chargements surdimensionn\u00e9s. Tous les navires exploit\u00e9s par la ligne ont re\u00e7u la cote glace la plus \u00e9lev\u00e9e; ils peuvent donc circuler \u00e0 l\u2019ann\u00e9e sur le fleuve Saint-Laurent.  <\/p><p>L\u2019\u00e9quipe hautement qualifi\u00e9e de CSAL est d\u00e9termin\u00e9e \u00e0 offrir un service efficace et personnalis\u00e9 \u00e0 sa pr\u00e9cieuse client\u00e8le sur les deux continents gr\u00e2ce \u00e0 un vaste r\u00e9seau d\u2019agences.<\/p>\t\t\t\t\t\t<\/div>\n\t\t\t\t<\/div>\n\t\t\t\t\t<\/div>\n\t\t<\/div>\n\t\t\t\t\t\t\t<\/div>\n\t\t<\/section>\n\t\t\t\t\t\t\t<\/div>\n\t\t","protected":false},"excerpt":{"rendered":"<p>Canada States Africa Line CSAL EST UNE SOCI\u00c9T\u00c9 DE TRANSPORT MARITIME NOUVELLEMENT CR\u00c9\u00c9E QUI CONNA\u00ceT UNE FORTE CROISSANCE. Canada States Africa Line (CSAL), une soci\u00e9t\u00e9 de transport maritime nouvellement cr\u00e9\u00e9e qui conna\u00eet une forte croissance, offre un service maritime de ligne direct entre le Canada, la c\u00f4te Est des \u00c9tats-Unis, la c\u00f4te du golfe du [&hellip;]<\/p>\n","protected":false},"author":1,"featured_media":0,"parent":0,"menu_order":0,"comment_status":"closed","ping_status":"closed","template":"","meta":{"footnotes":""},"class_list":["post-613","page","type-page","status-publish","hentry"],"yoast_head":"<!-- This site is optimized with the Yoast SEO plugin v19.9 - https:\/\/yoast.com\/wordpress\/plugins\/seo\/ -->\n<title>Canada States Africa Line - Protos<\/title>\n<meta name=\"description\" content=\"Canada States Africa Line (CSAL), une soci\u00e9t\u00e9 de transport maritime nouvellement cr\u00e9\u00e9e qui conna\u00eet une forte croissance, offre un service maritime de ligne direct entre le Canada, la c\u00f4te Est des \u00c9tats-Unis, la c\u00f4te du golfe du Mexique et l\u2019Afrique australe.\" \/>\n<meta name=\"robots\" content=\"index, follow, max-snippet:-1, max-image-preview:large, max-video-preview:-1\" \/>\n<link rel=\"canonical\" href=\"https:\/\/www.protos.ca\/fr\/canada-states-africa-line\/\" \/>\n<meta property=\"og:locale\" content=\"fr_CA\" \/>\n<meta property=\"og:type\" content=\"article\" \/>\n<meta property=\"og:title\" content=\"Canada States Africa Line - Protos\" \/>\n<meta property=\"og:description\" content=\"Canada States Africa Line (CSAL), une soci\u00e9t\u00e9 de transport maritime nouvellement cr\u00e9\u00e9e qui conna\u00eet une forte croissance, offre un service maritime de ligne direct entre le Canada, la c\u00f4te Est des \u00c9tats-Unis, la c\u00f4te du golfe du Mexique et l\u2019Afrique australe.\" \/>\n<meta property=\"og:url\" content=\"https:\/\/www.protos.ca\/fr\/canada-states-africa-line\/\" \/>\n<meta property=\"og:site_name\" content=\"Protos\" \/>\n<meta property=\"article:modified_time\" content=\"2022-09-07T14:37:28+00:00\" \/>\n<meta property=\"og:image\" content=\"https:\/\/protos.2point0media.com\/wp-content\/uploads\/2022\/09\/Canada-States-Africa-Line.png\" \/>\n<meta name=\"twitter:card\" content=\"summary_large_image\" \/>\n<meta name=\"twitter:label1\" content=\"Estimation du temps de lecture\" \/>\n\t<meta name=\"twitter:data1\" content=\"3 minutes\" \/>\n<script type=\"application\/ld+json\" class=\"yoast-schema-graph\">{\"@context\":\"https:\/\/schema.org\",\"@graph\":[{\"@type\":\"WebPage\",\"@id\":\"https:\/\/www.protos.ca\/fr\/canada-states-africa-line\/\",\"url\":\"https:\/\/www.protos.ca\/fr\/canada-states-africa-line\/\",\"name\":\"Canada States Africa Line - Protos\",\"isPartOf\":{\"@id\":\"https:\/\/www.protos.ca\/fr\/#website\"},\"datePublished\":\"2022-09-01T12:43:52+00:00\",\"dateModified\":\"2022-09-07T14:37:28+00:00\",\"description\":\"Canada States Africa Line (CSAL), une soci\u00e9t\u00e9 de transport maritime nouvellement cr\u00e9\u00e9e qui conna\u00eet une forte croissance, offre un service maritime de ligne direct entre le Canada, la c\u00f4te Est des \u00c9tats-Unis, la c\u00f4te du golfe du Mexique et l\u2019Afrique australe.\",\"breadcrumb\":{\"@id\":\"https:\/\/www.protos.ca\/fr\/canada-states-africa-line\/#breadcrumb\"},\"inLanguage\":\"fr-CA\",\"potentialAction\":[{\"@type\":\"ReadAction\",\"target\":[\"https:\/\/www.protos.ca\/fr\/canada-states-africa-line\/\"]}]},{\"@type\":\"BreadcrumbList\",\"@id\":\"https:\/\/www.protos.ca\/fr\/canada-states-africa-line\/#breadcrumb\",\"itemListElement\":[{\"@type\":\"ListItem\",\"position\":1,\"name\":\"Home\",\"item\":\"https:\/\/www.protos.ca\/fr\/\"},{\"@type\":\"ListItem\",\"position\":2,\"name\":\"Canada States Africa Line\"}]},{\"@type\":\"WebSite\",\"@id\":\"https:\/\/www.protos.ca\/fr\/#website\",\"url\":\"https:\/\/www.protos.ca\/fr\/\",\"name\":\"Protos\",\"description\":\"\",\"potentialAction\":[{\"@type\":\"SearchAction\",\"target\":{\"@type\":\"EntryPoint\",\"urlTemplate\":\"https:\/\/www.protos.ca\/fr\/?s={search_term_string}\"},\"query-input\":\"required name=search_term_string\"}],\"inLanguage\":\"fr-CA\"}]}<\/script>\n<!-- \/ Yoast SEO plugin. -->","yoast_head_json":{"title":"Canada States Africa Line - Protos","description":"Canada States Africa Line (CSAL), une soci\u00e9t\u00e9 de transport maritime nouvellement cr\u00e9\u00e9e qui conna\u00eet une forte croissance, offre un service maritime de ligne direct entre le Canada, la c\u00f4te Est des \u00c9tats-Unis, la c\u00f4te du golfe du Mexique et l\u2019Afrique australe.","robots":{"index":"index","follow":"follow","max-snippet":"max-snippet:-1","max-image-preview":"max-image-preview:large","max-video-preview":"max-video-preview:-1"},"canonical":"https:\/\/www.protos.ca\/fr\/canada-states-africa-line\/","og_locale":"fr_CA","og_type":"article","og_title":"Canada States Africa Line - Protos","og_description":"Canada States Africa Line (CSAL), une soci\u00e9t\u00e9 de transport maritime nouvellement cr\u00e9\u00e9e qui conna\u00eet une forte croissance, offre un service maritime de ligne direct entre le Canada, la c\u00f4te Est des \u00c9tats-Unis, la c\u00f4te du golfe du Mexique et l\u2019Afrique australe.","og_url":"https:\/\/www.protos.ca\/fr\/canada-states-africa-line\/","og_site_name":"Protos","article_modified_time":"2022-09-07T14:37:28+00:00","og_image":[{"url":"https:\/\/protos.2point0media.com\/wp-content\/uploads\/2022\/09\/Canada-States-Africa-Line.png"}],"twitter_card":"summary_large_image","twitter_misc":{"Estimation du temps de lecture":"3 minutes"},"schema":{"@context":"https:\/\/schema.org","@graph":[{"@type":"WebPage","@id":"https:\/\/www.protos.ca\/fr\/canada-states-africa-line\/","url":"https:\/\/www.protos.ca\/fr\/canada-states-africa-line\/","name":"Canada States Africa Line - Protos","isPartOf":{"@id":"https:\/\/www.protos.ca\/fr\/#website"},"datePublished":"2022-09-01T12:43:52+00:00","dateModified":"2022-09-07T14:37:28+00:00","description":"Canada States Africa Line (CSAL), une soci\u00e9t\u00e9 de transport maritime nouvellement cr\u00e9\u00e9e qui conna\u00eet une forte croissance, offre un service maritime de ligne direct entre le Canada, la c\u00f4te Est des \u00c9tats-Unis, la c\u00f4te du golfe du Mexique et l\u2019Afrique australe.","breadcrumb":{"@id":"https:\/\/www.protos.ca\/fr\/canada-states-africa-line\/#breadcrumb"},"inLanguage":"fr-CA","potentialAction":[{"@type":"ReadAction","target":["https:\/\/www.protos.ca\/fr\/canada-states-africa-line\/"]}]},{"@type":"BreadcrumbList","@id":"https:\/\/www.protos.ca\/fr\/canada-states-africa-line\/#breadcrumb","itemListElement":[{"@type":"ListItem","position":1,"name":"Home","item":"https:\/\/www.protos.ca\/fr\/"},{"@type":"ListItem","position":2,"name":"Canada States Africa Line"}]},{"@type":"WebSite","@id":"https:\/\/www.protos.ca\/fr\/#website","url":"https:\/\/www.protos.ca\/fr\/","name":"Protos","description":"","potentialAction":[{"@type":"SearchAction","target":{"@type":"EntryPoint","urlTemplate":"https:\/\/www.protos.ca\/fr\/?s={search_term_string}"},"query-input":"required name=search_term_string"}],"inLanguage":"fr-CA"}]}},"_links":{"self":[{"href":"https:\/\/www.protos.ca\/fr\/wp-json\/wp\/v2\/pages\/613","targetHints":{"allow":["GET"]}}],"collection":[{"href":"https:\/\/www.protos.ca\/fr\/wp-json\/wp\/v2\/pages"}],"about":[{"href":"https:\/\/www.protos.ca\/fr\/wp-json\/wp\/v2\/types\/page"}],"author":[{"embeddable":true,"href":"https:\/\/www.protos.ca\/fr\/wp-json\/wp\/v2\/users\/1"}],"replies":[{"embeddable":true,"href":"https:\/\/www.protos.ca\/fr\/wp-json\/wp\/v2\/comments?post=613"}],"version-history":[{"count":2,"href":"https:\/\/www.protos.ca\/fr\/wp-json\/wp\/v2\/pages\/613\/revisions"}],"predecessor-version":[{"id":635,"href":"https:\/\/www.protos.ca\/fr\/wp-json\/wp\/v2\/pages\/613\/revisions\/635"}],"wp:attachment":[{"href":"https:\/\/www.protos.ca\/fr\/wp-json\/wp\/v2\/media?parent=613"}],"curies":[{"name":"wp","href":"https:\/\/api.w.org\/{rel}","templated":true}]}}