{"id":611,"date":"2022-09-01T08:41:43","date_gmt":"2022-09-01T12:41:43","guid":{"rendered":"https:\/\/protos.2point0media.com\/bahri-logistics\/"},"modified":"2022-09-07T10:37:10","modified_gmt":"2022-09-07T14:37:10","slug":"bahri-logistics","status":"publish","type":"page","link":"https:\/\/www.protos.ca\/fr\/bahri-logistics\/","title":{"rendered":"Bahri Logistics"},"content":{"rendered":"\t\t<div data-elementor-type=\"wp-page\" data-elementor-id=\"611\" class=\"elementor elementor-611 elementor-445\">\n\t\t\t\t\t\t\t\t\t<section class=\"elementor-section elementor-top-section elementor-element elementor-element-f929296 elementor-section-boxed elementor-section-height-default elementor-section-height-default\" data-id=\"f929296\" data-element_type=\"section\" data-settings=\"{&quot;background_background&quot;:&quot;classic&quot;}\">\n\t\t\t\t\t\t<div class=\"elementor-container elementor-column-gap-default\">\n\t\t\t\t\t<div class=\"elementor-column elementor-col-100 elementor-top-column elementor-element elementor-element-9f5af1f\" data-id=\"9f5af1f\" data-element_type=\"column\">\n\t\t\t<div class=\"elementor-widget-wrap elementor-element-populated\">\n\t\t\t\t\t\t\t\t<div class=\"elementor-element elementor-element-ed5cc26 elementor-widget elementor-widget-heading\" data-id=\"ed5cc26\" data-element_type=\"widget\" data-widget_type=\"heading.default\">\n\t\t\t\t<div class=\"elementor-widget-container\">\n\t\t\t<style>\/*! elementor - v3.7.8 - 02-10-2022 *\/\n.elementor-heading-title{padding:0;margin:0;line-height:1}.elementor-widget-heading .elementor-heading-title[class*=elementor-size-]>a{color:inherit;font-size:inherit;line-height:inherit}.elementor-widget-heading .elementor-heading-title.elementor-size-small{font-size:15px}.elementor-widget-heading .elementor-heading-title.elementor-size-medium{font-size:19px}.elementor-widget-heading .elementor-heading-title.elementor-size-large{font-size:29px}.elementor-widget-heading .elementor-heading-title.elementor-size-xl{font-size:39px}.elementor-widget-heading .elementor-heading-title.elementor-size-xxl{font-size:59px}<\/style><h1 class=\"elementor-heading-title elementor-size-default\">Bahri Logistics<\/h1>\t\t<\/div>\n\t\t\t\t<\/div>\n\t\t\t\t\t<\/div>\n\t\t<\/div>\n\t\t\t\t\t\t\t<\/div>\n\t\t<\/section>\n\t\t\t\t<section class=\"elementor-section elementor-top-section elementor-element elementor-element-65cd89f elementor-section-boxed elementor-section-height-default elementor-section-height-default\" data-id=\"65cd89f\" data-element_type=\"section\">\n\t\t\t\t\t\t<div class=\"elementor-container elementor-column-gap-default\">\n\t\t\t\t\t<div class=\"elementor-column elementor-col-50 elementor-top-column elementor-element elementor-element-31765a4\" data-id=\"31765a4\" data-element_type=\"column\">\n\t\t\t<div class=\"elementor-widget-wrap elementor-element-populated\">\n\t\t\t\t\t\t\t\t<div class=\"elementor-element elementor-element-080c14b elementor-widget elementor-widget-heading\" data-id=\"080c14b\" data-element_type=\"widget\" data-widget_type=\"heading.default\">\n\t\t\t\t<div class=\"elementor-widget-container\">\n\t\t\t<h2 class=\"elementor-heading-title elementor-size-default\">BAHRI EST L\u2019UNE DES SOCI\u00c9T\u00c9S DE TRANSPORT ET DE LOGISTIQUE LES PLUS IMPORTANTES AU MONDE.<\/h2>\t\t<\/div>\n\t\t\t\t<\/div>\n\t\t\t\t<div class=\"elementor-element elementor-element-61f268b elementor-widget-divider--view-line elementor-widget elementor-widget-divider\" data-id=\"61f268b\" data-element_type=\"widget\" data-widget_type=\"divider.default\">\n\t\t\t\t<div class=\"elementor-widget-container\">\n\t\t\t<style>\/*! elementor - v3.7.8 - 02-10-2022 *\/\n.elementor-widget-divider{--divider-border-style:none;--divider-border-width:1px;--divider-color:#2c2c2c;--divider-icon-size:20px;--divider-element-spacing:10px;--divider-pattern-height:24px;--divider-pattern-size:20px;--divider-pattern-url:none;--divider-pattern-repeat:repeat-x}.elementor-widget-divider .elementor-divider{display:-webkit-box;display:-ms-flexbox;display:flex}.elementor-widget-divider .elementor-divider__text{font-size:15px;line-height:1;max-width:95%}.elementor-widget-divider .elementor-divider__element{margin:0 var(--divider-element-spacing);-ms-flex-negative:0;flex-shrink:0}.elementor-widget-divider .elementor-icon{font-size:var(--divider-icon-size)}.elementor-widget-divider .elementor-divider-separator{display:-webkit-box;display:-ms-flexbox;display:flex;margin:0;direction:ltr}.elementor-widget-divider--view-line_icon .elementor-divider-separator,.elementor-widget-divider--view-line_text .elementor-divider-separator{-webkit-box-align:center;-ms-flex-align:center;align-items:center}.elementor-widget-divider--view-line_icon .elementor-divider-separator:after,.elementor-widget-divider--view-line_icon .elementor-divider-separator:before,.elementor-widget-divider--view-line_text .elementor-divider-separator:after,.elementor-widget-divider--view-line_text .elementor-divider-separator:before{display:block;content:\"\";border-bottom:0;-webkit-box-flex:1;-ms-flex-positive:1;flex-grow:1;border-top:var(--divider-border-width) var(--divider-border-style) var(--divider-color)}.elementor-widget-divider--element-align-left .elementor-divider .elementor-divider-separator>.elementor-divider__svg:first-of-type{-webkit-box-flex:0;-ms-flex-positive:0;flex-grow:0;-ms-flex-negative:100;flex-shrink:100}.elementor-widget-divider--element-align-left .elementor-divider-separator:before{content:none}.elementor-widget-divider--element-align-left .elementor-divider__element{margin-left:0}.elementor-widget-divider--element-align-right .elementor-divider .elementor-divider-separator>.elementor-divider__svg:last-of-type{-webkit-box-flex:0;-ms-flex-positive:0;flex-grow:0;-ms-flex-negative:100;flex-shrink:100}.elementor-widget-divider--element-align-right .elementor-divider-separator:after{content:none}.elementor-widget-divider--element-align-right .elementor-divider__element{margin-right:0}.elementor-widget-divider:not(.elementor-widget-divider--view-line_text):not(.elementor-widget-divider--view-line_icon) .elementor-divider-separator{border-top:var(--divider-border-width) var(--divider-border-style) var(--divider-color)}.elementor-widget-divider--separator-type-pattern{--divider-border-style:none}.elementor-widget-divider--separator-type-pattern.elementor-widget-divider--view-line .elementor-divider-separator,.elementor-widget-divider--separator-type-pattern:not(.elementor-widget-divider--view-line) .elementor-divider-separator:after,.elementor-widget-divider--separator-type-pattern:not(.elementor-widget-divider--view-line) .elementor-divider-separator:before,.elementor-widget-divider--separator-type-pattern:not([class*=elementor-widget-divider--view]) .elementor-divider-separator{width:100%;min-height:var(--divider-pattern-height);-webkit-mask-size:var(--divider-pattern-size) 100%;mask-size:var(--divider-pattern-size) 100%;-webkit-mask-repeat:var(--divider-pattern-repeat);mask-repeat:var(--divider-pattern-repeat);background-color:var(--divider-color);-webkit-mask-image:var(--divider-pattern-url);mask-image:var(--divider-pattern-url)}.elementor-widget-divider--no-spacing{--divider-pattern-size:auto}.elementor-widget-divider--bg-round{--divider-pattern-repeat:round}.rtl .elementor-widget-divider .elementor-divider__text{direction:rtl}.e-container>.elementor-widget-divider{width:var(--container-widget-width,100%);--flex-grow:var(--container-widget-flex-grow,0)}<\/style>\t\t<div class=\"elementor-divider\">\n\t\t\t<span class=\"elementor-divider-separator\">\n\t\t\t\t\t\t<\/span>\n\t\t<\/div>\n\t\t\t\t<\/div>\n\t\t\t\t<\/div>\n\t\t\t\t<div class=\"elementor-element elementor-element-a0e2a99 elementor-widget elementor-widget-image\" data-id=\"a0e2a99\" data-element_type=\"widget\" data-widget_type=\"image.default\">\n\t\t\t\t<div class=\"elementor-widget-container\">\n\t\t\t<style>\/*! elementor - v3.7.8 - 02-10-2022 *\/\n.elementor-widget-image{text-align:center}.elementor-widget-image a{display:inline-block}.elementor-widget-image a img[src$=\".svg\"]{width:48px}.elementor-widget-image img{vertical-align:middle;display:inline-block}<\/style>\t\t\t\t\t\t\t\t\t\t\t\t<img loading=\"lazy\" decoding=\"async\" width=\"570\" height=\"481\" src=\"https:\/\/www.protos.ca\/wp-content\/uploads\/2022\/09\/bahri.png\" class=\"attachment-large size-large\" alt=\"\" srcset=\"https:\/\/www.protos.ca\/wp-content\/uploads\/2022\/09\/bahri.png 570w, https:\/\/www.protos.ca\/wp-content\/uploads\/2022\/09\/bahri-300x253.png 300w\" sizes=\"auto, (max-width: 570px) 100vw, 570px\" \/>\t\t\t\t\t\t\t\t\t\t\t\t\t\t\t<\/div>\n\t\t\t\t<\/div>\n\t\t\t\t\t<\/div>\n\t\t<\/div>\n\t\t\t\t<div class=\"elementor-column elementor-col-50 elementor-top-column elementor-element elementor-element-361c8fe\" data-id=\"361c8fe\" data-element_type=\"column\">\n\t\t\t<div class=\"elementor-widget-wrap elementor-element-populated\">\n\t\t\t\t\t\t\t\t<div class=\"elementor-element elementor-element-b573304 elementor-widget elementor-widget-text-editor\" data-id=\"b573304\" data-element_type=\"widget\" data-widget_type=\"text-editor.default\">\n\t\t\t\t<div class=\"elementor-widget-container\">\n\t\t\t<style>\/*! elementor - v3.7.8 - 02-10-2022 *\/\n.elementor-widget-text-editor.elementor-drop-cap-view-stacked .elementor-drop-cap{background-color:#818a91;color:#fff}.elementor-widget-text-editor.elementor-drop-cap-view-framed .elementor-drop-cap{color:#818a91;border:3px solid;background-color:transparent}.elementor-widget-text-editor:not(.elementor-drop-cap-view-default) .elementor-drop-cap{margin-top:8px}.elementor-widget-text-editor:not(.elementor-drop-cap-view-default) .elementor-drop-cap-letter{width:1em;height:1em}.elementor-widget-text-editor .elementor-drop-cap{float:left;text-align:center;line-height:1;font-size:50px}.elementor-widget-text-editor .elementor-drop-cap-letter{display:inline-block}<\/style>\t\t\t\t<p>Cr\u00e9\u00e9e en tant que transporteur d\u2019exp\u00e9dition national de l\u2019Arabie saoudite, Bahri a jou\u00e9 un r\u00f4le de premier plan dans la transformation et la croissance de l\u2019industrie mondiale du transport gr\u00e2ce \u00e0 ses efforts incessants en mati\u00e8re d\u2019innovation et \u00e0 sa d\u00e9termination \u00e0 offrir des services terrestres et maritimes ax\u00e9s sur la technologie et \u00e0 valeur ajout\u00e9e.<\/p><p>Durant les quatre d\u00e9cennies ayant suivi sa cr\u00e9ation, Bahri est pass\u00e9e d\u2019une petite entreprise d\u2019exp\u00e9dition exploitant des navires polyvalents \u00e0 l\u2019un des plus importants conglom\u00e9rats mondiaux de transport, et elle occupe aujourd\u2019hui une place pr\u00e9pond\u00e9rante au sein de l\u2019industrie maritime mondiale.<\/p><p>Bahri \u2013 anciennement connue sous le nom de (NSCSA)\u2013 a \u00e9t\u00e9 cr\u00e9\u00e9e par d\u00e9cret royal en tant que soci\u00e9t\u00e9 ouverte en 1978; 22 % de la participation \u00e9tait d\u00e9tenue par le Public Investment Fund (PIF) du gouvernement saoudien et 20 % par la Saudi Aramco Development Company (SADCO), et les actions restantes ont \u00e9t\u00e9 cot\u00e9es \u00e0 la bourse d\u2019Arabie saoudite (indice Tadawul).<\/p><p>La premi\u00e8re et l\u2019une des six unit\u00e9s commerciales existant actuellement au sein de Bahri, Bahri Logistics est l\u2019un des 10 plus importants transporteurs de semi-vrac au monde. Bahri Logistics exploite 6 nouveaux navires polyvalents ultramodernes pr\u00e9sentant 26 000 PL chacun selon un horaire de navigation r\u00e9gulier; 4 navires relient le Canada et les \u00c9tats-Unis \u00e0 l\u2019Arabie saoudite et \u00e0 des ports majeurs du golfe Persique, du sous-continent indien et de la M\u00e9diterran\u00e9e, et 2 navires relient l\u2019Europe \u00e0 l\u2019Arabie saoudite et \u00e0 des ports cl\u00e9s du golfe Persique et de la M\u00e9diterran\u00e9e. <\/p><p>Bahri est le premier transporteur d\u2019exp\u00e9dition national \u00e0 \u00eatre en activit\u00e9 depuis plus de 38 ans, et l\u2019entreprise poursuit son avanc\u00e9e spectaculaire : elle a \u00e9tabli une solide base de client\u00e8le dans le Royaume d\u2019Arabie saoudite et a acquis une excellente r\u00e9putation de qualit\u00e9, de fiabilit\u00e9 et de s\u00e9curit\u00e9.<\/p><p>Gr\u00e2ce \u00e0 son engagement envers l\u2019innovation et sa mise en application des meilleures pratiques dans tous les secteurs d\u2019activit\u00e9, Bahri est parvenue \u00e0 rester \u00e0 l\u2019avant-garde de l\u2019industrie maritime durant tout son historique op\u00e9rationnel tout en diversifiant son secteur op\u00e9rationnel et en se lan\u00e7ant dans de nouveaux march\u00e9s pour renforcer ses comp\u00e9tences en tant que puissance mondiale dans les domaines du transport et de la logistique.<\/p><p>Bahri est devenue un des plus grands exploitants de rouliers de la plan\u00e8te; elle offre des services maritimes de ligne reliant le Moyen-Orient \u00e0 l\u2019Am\u00e9rique du Nord, l\u2019Extr\u00eame-Orient et l\u2019Europe. Bahri exploite des navires polyvalents selon un horaire mensuel qui peuvent aussi bien transporter du semi-vrac, des marchandises embarqu\u00e9es et d\u00e9barqu\u00e9es par transroulage, des cargaisons li\u00e9es \u00e0 un projet que des conteneurs. Les principaux ports d\u2019escale en Am\u00e9rique du Nord se trouvent \u00e0 Baltimore, Houston, Savannah, Wilmington et Saint John (Nouveau-Brunswick).  <\/p>\t\t\t\t\t\t<\/div>\n\t\t\t\t<\/div>\n\t\t\t\t\t<\/div>\n\t\t<\/div>\n\t\t\t\t\t\t\t<\/div>\n\t\t<\/section>\n\t\t\t\t\t\t\t<\/div>\n\t\t","protected":false},"excerpt":{"rendered":"<p>Bahri Logistics BAHRI EST L\u2019UNE DES SOCI\u00c9T\u00c9S DE TRANSPORT ET DE LOGISTIQUE LES PLUS IMPORTANTES AU MONDE. Cr\u00e9\u00e9e en tant que transporteur d\u2019exp\u00e9dition national de l\u2019Arabie saoudite, Bahri a jou\u00e9 un r\u00f4le de premier plan dans la transformation et la croissance de l\u2019industrie mondiale du transport gr\u00e2ce \u00e0 ses efforts incessants en mati\u00e8re d\u2019innovation et [&hellip;]<\/p>\n","protected":false},"author":1,"featured_media":0,"parent":0,"menu_order":0,"comment_status":"closed","ping_status":"closed","template":"","meta":{"footnotes":""},"class_list":["post-611","page","type-page","status-publish","hentry"],"yoast_head":"<!-- This site is optimized with the Yoast SEO plugin v19.9 - https:\/\/yoast.com\/wordpress\/plugins\/seo\/ -->\n<title>Bahri Logistics - Protos<\/title>\n<meta name=\"description\" content=\"Cr\u00e9\u00e9e en tant que transporteur d\u2019exp\u00e9dition national de l\u2019Arabie saoudite, Bahri a jou\u00e9 un r\u00f4le de premier plan dans la transformation et la croissance de l\u2019industrie mondiale du transport.\" \/>\n<meta name=\"robots\" content=\"index, follow, max-snippet:-1, max-image-preview:large, max-video-preview:-1\" \/>\n<link rel=\"canonical\" href=\"https:\/\/www.protos.ca\/fr\/bahri-logistics\/\" \/>\n<meta property=\"og:locale\" content=\"fr_CA\" \/>\n<meta property=\"og:type\" content=\"article\" \/>\n<meta property=\"og:title\" content=\"Bahri Logistics - Protos\" \/>\n<meta property=\"og:description\" content=\"Cr\u00e9\u00e9e en tant que transporteur d\u2019exp\u00e9dition national de l\u2019Arabie saoudite, Bahri a jou\u00e9 un r\u00f4le de premier plan dans la transformation et la croissance de l\u2019industrie mondiale du transport.\" \/>\n<meta property=\"og:url\" content=\"https:\/\/www.protos.ca\/fr\/bahri-logistics\/\" \/>\n<meta property=\"og:site_name\" content=\"Protos\" \/>\n<meta property=\"article:modified_time\" content=\"2022-09-07T14:37:10+00:00\" \/>\n<meta property=\"og:image\" content=\"https:\/\/protos.2point0media.com\/wp-content\/uploads\/2022\/09\/bahri.png\" \/>\n<meta name=\"twitter:card\" content=\"summary_large_image\" \/>\n<meta name=\"twitter:label1\" content=\"Estimation du temps de lecture\" \/>\n\t<meta name=\"twitter:data1\" content=\"3 minutes\" \/>\n<script type=\"application\/ld+json\" class=\"yoast-schema-graph\">{\"@context\":\"https:\/\/schema.org\",\"@graph\":[{\"@type\":\"WebPage\",\"@id\":\"https:\/\/www.protos.ca\/fr\/bahri-logistics\/\",\"url\":\"https:\/\/www.protos.ca\/fr\/bahri-logistics\/\",\"name\":\"Bahri Logistics - Protos\",\"isPartOf\":{\"@id\":\"https:\/\/www.protos.ca\/fr\/#website\"},\"datePublished\":\"2022-09-01T12:41:43+00:00\",\"dateModified\":\"2022-09-07T14:37:10+00:00\",\"description\":\"Cr\u00e9\u00e9e en tant que transporteur d\u2019exp\u00e9dition national de l\u2019Arabie saoudite, Bahri a jou\u00e9 un r\u00f4le de premier plan dans la transformation et la croissance de l\u2019industrie mondiale du transport.\",\"breadcrumb\":{\"@id\":\"https:\/\/www.protos.ca\/fr\/bahri-logistics\/#breadcrumb\"},\"inLanguage\":\"fr-CA\",\"potentialAction\":[{\"@type\":\"ReadAction\",\"target\":[\"https:\/\/www.protos.ca\/fr\/bahri-logistics\/\"]}]},{\"@type\":\"BreadcrumbList\",\"@id\":\"https:\/\/www.protos.ca\/fr\/bahri-logistics\/#breadcrumb\",\"itemListElement\":[{\"@type\":\"ListItem\",\"position\":1,\"name\":\"Home\",\"item\":\"https:\/\/www.protos.ca\/fr\/\"},{\"@type\":\"ListItem\",\"position\":2,\"name\":\"Bahri Logistics\"}]},{\"@type\":\"WebSite\",\"@id\":\"https:\/\/www.protos.ca\/fr\/#website\",\"url\":\"https:\/\/www.protos.ca\/fr\/\",\"name\":\"Protos\",\"description\":\"\",\"potentialAction\":[{\"@type\":\"SearchAction\",\"target\":{\"@type\":\"EntryPoint\",\"urlTemplate\":\"https:\/\/www.protos.ca\/fr\/?s={search_term_string}\"},\"query-input\":\"required name=search_term_string\"}],\"inLanguage\":\"fr-CA\"}]}<\/script>\n<!-- \/ Yoast SEO plugin. -->","yoast_head_json":{"title":"Bahri Logistics - Protos","description":"Cr\u00e9\u00e9e en tant que transporteur d\u2019exp\u00e9dition national de l\u2019Arabie saoudite, Bahri a jou\u00e9 un r\u00f4le de premier plan dans la transformation et la croissance de l\u2019industrie mondiale du transport.","robots":{"index":"index","follow":"follow","max-snippet":"max-snippet:-1","max-image-preview":"max-image-preview:large","max-video-preview":"max-video-preview:-1"},"canonical":"https:\/\/www.protos.ca\/fr\/bahri-logistics\/","og_locale":"fr_CA","og_type":"article","og_title":"Bahri Logistics - Protos","og_description":"Cr\u00e9\u00e9e en tant que transporteur d\u2019exp\u00e9dition national de l\u2019Arabie saoudite, Bahri a jou\u00e9 un r\u00f4le de premier plan dans la transformation et la croissance de l\u2019industrie mondiale du transport.","og_url":"https:\/\/www.protos.ca\/fr\/bahri-logistics\/","og_site_name":"Protos","article_modified_time":"2022-09-07T14:37:10+00:00","og_image":[{"url":"https:\/\/protos.2point0media.com\/wp-content\/uploads\/2022\/09\/bahri.png"}],"twitter_card":"summary_large_image","twitter_misc":{"Estimation du temps de lecture":"3 minutes"},"schema":{"@context":"https:\/\/schema.org","@graph":[{"@type":"WebPage","@id":"https:\/\/www.protos.ca\/fr\/bahri-logistics\/","url":"https:\/\/www.protos.ca\/fr\/bahri-logistics\/","name":"Bahri Logistics - Protos","isPartOf":{"@id":"https:\/\/www.protos.ca\/fr\/#website"},"datePublished":"2022-09-01T12:41:43+00:00","dateModified":"2022-09-07T14:37:10+00:00","description":"Cr\u00e9\u00e9e en tant que transporteur d\u2019exp\u00e9dition national de l\u2019Arabie saoudite, Bahri a jou\u00e9 un r\u00f4le de premier plan dans la transformation et la croissance de l\u2019industrie mondiale du transport.","breadcrumb":{"@id":"https:\/\/www.protos.ca\/fr\/bahri-logistics\/#breadcrumb"},"inLanguage":"fr-CA","potentialAction":[{"@type":"ReadAction","target":["https:\/\/www.protos.ca\/fr\/bahri-logistics\/"]}]},{"@type":"BreadcrumbList","@id":"https:\/\/www.protos.ca\/fr\/bahri-logistics\/#breadcrumb","itemListElement":[{"@type":"ListItem","position":1,"name":"Home","item":"https:\/\/www.protos.ca\/fr\/"},{"@type":"ListItem","position":2,"name":"Bahri Logistics"}]},{"@type":"WebSite","@id":"https:\/\/www.protos.ca\/fr\/#website","url":"https:\/\/www.protos.ca\/fr\/","name":"Protos","description":"","potentialAction":[{"@type":"SearchAction","target":{"@type":"EntryPoint","urlTemplate":"https:\/\/www.protos.ca\/fr\/?s={search_term_string}"},"query-input":"required name=search_term_string"}],"inLanguage":"fr-CA"}]}},"_links":{"self":[{"href":"https:\/\/www.protos.ca\/fr\/wp-json\/wp\/v2\/pages\/611","targetHints":{"allow":["GET"]}}],"collection":[{"href":"https:\/\/www.protos.ca\/fr\/wp-json\/wp\/v2\/pages"}],"about":[{"href":"https:\/\/www.protos.ca\/fr\/wp-json\/wp\/v2\/types\/page"}],"author":[{"embeddable":true,"href":"https:\/\/www.protos.ca\/fr\/wp-json\/wp\/v2\/users\/1"}],"replies":[{"embeddable":true,"href":"https:\/\/www.protos.ca\/fr\/wp-json\/wp\/v2\/comments?post=611"}],"version-history":[{"count":2,"href":"https:\/\/www.protos.ca\/fr\/wp-json\/wp\/v2\/pages\/611\/revisions"}],"predecessor-version":[{"id":634,"href":"https:\/\/www.protos.ca\/fr\/wp-json\/wp\/v2\/pages\/611\/revisions\/634"}],"wp:attachment":[{"href":"https:\/\/www.protos.ca\/fr\/wp-json\/wp\/v2\/media?parent=611"}],"curies":[{"name":"wp","href":"https:\/\/api.w.org\/{rel}","templated":true}]}}