{"id":609,"date":"2022-09-01T08:18:08","date_gmt":"2022-09-01T12:18:08","guid":{"rendered":"https:\/\/protos.2point0media.com\/atlantic-ro-ro-carriers\/"},"modified":"2022-09-07T10:36:50","modified_gmt":"2022-09-07T14:36:50","slug":"atlantic-ro-ro-carriers","status":"publish","type":"page","link":"https:\/\/www.protos.ca\/fr\/atlantic-ro-ro-carriers\/","title":{"rendered":"Atlantic Ro-Ro Carriers"},"content":{"rendered":"\t\t<div data-elementor-type=\"wp-page\" data-elementor-id=\"609\" class=\"elementor elementor-609 elementor-431\">\n\t\t\t\t\t\t\t\t\t<section class=\"elementor-section elementor-top-section elementor-element elementor-element-788b6b5 elementor-section-boxed elementor-section-height-default elementor-section-height-default\" data-id=\"788b6b5\" data-element_type=\"section\" data-settings=\"{&quot;background_background&quot;:&quot;classic&quot;}\">\n\t\t\t\t\t\t<div class=\"elementor-container elementor-column-gap-default\">\n\t\t\t\t\t<div class=\"elementor-column elementor-col-100 elementor-top-column elementor-element elementor-element-3e80117\" data-id=\"3e80117\" data-element_type=\"column\">\n\t\t\t<div class=\"elementor-widget-wrap elementor-element-populated\">\n\t\t\t\t\t\t\t\t<div class=\"elementor-element elementor-element-18b5f6b elementor-hidden-desktop elementor-widget elementor-widget-heading\" data-id=\"18b5f6b\" data-element_type=\"widget\" data-widget_type=\"heading.default\">\n\t\t\t\t<div class=\"elementor-widget-container\">\n\t\t\t<style>\/*! elementor - v3.7.8 - 02-10-2022 *\/\n.elementor-heading-title{padding:0;margin:0;line-height:1}.elementor-widget-heading .elementor-heading-title[class*=elementor-size-]>a{color:inherit;font-size:inherit;line-height:inherit}.elementor-widget-heading .elementor-heading-title.elementor-size-small{font-size:15px}.elementor-widget-heading .elementor-heading-title.elementor-size-medium{font-size:19px}.elementor-widget-heading .elementor-heading-title.elementor-size-large{font-size:29px}.elementor-widget-heading .elementor-heading-title.elementor-size-xl{font-size:39px}.elementor-widget-heading .elementor-heading-title.elementor-size-xxl{font-size:59px}<\/style><h1 class=\"elementor-heading-title elementor-size-default\">Atlantic <br>Ro-Ro Carriers\n<\/h1>\t\t<\/div>\n\t\t\t\t<\/div>\n\t\t\t\t<div class=\"elementor-element elementor-element-ec1f9a7 elementor-hidden-tablet elementor-hidden-mobile elementor-widget elementor-widget-heading\" data-id=\"ec1f9a7\" data-element_type=\"widget\" data-widget_type=\"heading.default\">\n\t\t\t\t<div class=\"elementor-widget-container\">\n\t\t\t<h1 class=\"elementor-heading-title elementor-size-default\">Atlantic Ro-Ro Carriers\n<\/h1>\t\t<\/div>\n\t\t\t\t<\/div>\n\t\t\t\t\t<\/div>\n\t\t<\/div>\n\t\t\t\t\t\t\t<\/div>\n\t\t<\/section>\n\t\t\t\t<section class=\"elementor-section elementor-top-section elementor-element elementor-element-ae10231 elementor-section-boxed elementor-section-height-default elementor-section-height-default\" data-id=\"ae10231\" data-element_type=\"section\">\n\t\t\t\t\t\t<div class=\"elementor-container elementor-column-gap-default\">\n\t\t\t\t\t<div class=\"elementor-column elementor-col-50 elementor-top-column elementor-element elementor-element-4ed0c7f\" data-id=\"4ed0c7f\" data-element_type=\"column\">\n\t\t\t<div class=\"elementor-widget-wrap elementor-element-populated\">\n\t\t\t\t\t\t\t\t<div class=\"elementor-element elementor-element-5e5f60c elementor-widget elementor-widget-heading\" data-id=\"5e5f60c\" data-element_type=\"widget\" data-widget_type=\"heading.default\">\n\t\t\t\t<div class=\"elementor-widget-container\">\n\t\t\t<h2 class=\"elementor-heading-title elementor-size-default\">COMMONWEALTH INDEPENDENT STATES NAVIGATION INC.\n<\/h2>\t\t<\/div>\n\t\t\t\t<\/div>\n\t\t\t\t<div class=\"elementor-element elementor-element-291d32b elementor-widget-divider--view-line elementor-widget elementor-widget-divider\" data-id=\"291d32b\" data-element_type=\"widget\" data-widget_type=\"divider.default\">\n\t\t\t\t<div class=\"elementor-widget-container\">\n\t\t\t<style>\/*! elementor - v3.7.8 - 02-10-2022 *\/\n.elementor-widget-divider{--divider-border-style:none;--divider-border-width:1px;--divider-color:#2c2c2c;--divider-icon-size:20px;--divider-element-spacing:10px;--divider-pattern-height:24px;--divider-pattern-size:20px;--divider-pattern-url:none;--divider-pattern-repeat:repeat-x}.elementor-widget-divider .elementor-divider{display:-webkit-box;display:-ms-flexbox;display:flex}.elementor-widget-divider .elementor-divider__text{font-size:15px;line-height:1;max-width:95%}.elementor-widget-divider .elementor-divider__element{margin:0 var(--divider-element-spacing);-ms-flex-negative:0;flex-shrink:0}.elementor-widget-divider .elementor-icon{font-size:var(--divider-icon-size)}.elementor-widget-divider .elementor-divider-separator{display:-webkit-box;display:-ms-flexbox;display:flex;margin:0;direction:ltr}.elementor-widget-divider--view-line_icon .elementor-divider-separator,.elementor-widget-divider--view-line_text .elementor-divider-separator{-webkit-box-align:center;-ms-flex-align:center;align-items:center}.elementor-widget-divider--view-line_icon .elementor-divider-separator:after,.elementor-widget-divider--view-line_icon .elementor-divider-separator:before,.elementor-widget-divider--view-line_text .elementor-divider-separator:after,.elementor-widget-divider--view-line_text .elementor-divider-separator:before{display:block;content:\"\";border-bottom:0;-webkit-box-flex:1;-ms-flex-positive:1;flex-grow:1;border-top:var(--divider-border-width) var(--divider-border-style) var(--divider-color)}.elementor-widget-divider--element-align-left .elementor-divider .elementor-divider-separator>.elementor-divider__svg:first-of-type{-webkit-box-flex:0;-ms-flex-positive:0;flex-grow:0;-ms-flex-negative:100;flex-shrink:100}.elementor-widget-divider--element-align-left .elementor-divider-separator:before{content:none}.elementor-widget-divider--element-align-left .elementor-divider__element{margin-left:0}.elementor-widget-divider--element-align-right .elementor-divider .elementor-divider-separator>.elementor-divider__svg:last-of-type{-webkit-box-flex:0;-ms-flex-positive:0;flex-grow:0;-ms-flex-negative:100;flex-shrink:100}.elementor-widget-divider--element-align-right .elementor-divider-separator:after{content:none}.elementor-widget-divider--element-align-right .elementor-divider__element{margin-right:0}.elementor-widget-divider:not(.elementor-widget-divider--view-line_text):not(.elementor-widget-divider--view-line_icon) .elementor-divider-separator{border-top:var(--divider-border-width) var(--divider-border-style) var(--divider-color)}.elementor-widget-divider--separator-type-pattern{--divider-border-style:none}.elementor-widget-divider--separator-type-pattern.elementor-widget-divider--view-line .elementor-divider-separator,.elementor-widget-divider--separator-type-pattern:not(.elementor-widget-divider--view-line) .elementor-divider-separator:after,.elementor-widget-divider--separator-type-pattern:not(.elementor-widget-divider--view-line) .elementor-divider-separator:before,.elementor-widget-divider--separator-type-pattern:not([class*=elementor-widget-divider--view]) .elementor-divider-separator{width:100%;min-height:var(--divider-pattern-height);-webkit-mask-size:var(--divider-pattern-size) 100%;mask-size:var(--divider-pattern-size) 100%;-webkit-mask-repeat:var(--divider-pattern-repeat);mask-repeat:var(--divider-pattern-repeat);background-color:var(--divider-color);-webkit-mask-image:var(--divider-pattern-url);mask-image:var(--divider-pattern-url)}.elementor-widget-divider--no-spacing{--divider-pattern-size:auto}.elementor-widget-divider--bg-round{--divider-pattern-repeat:round}.rtl .elementor-widget-divider .elementor-divider__text{direction:rtl}.e-container>.elementor-widget-divider{width:var(--container-widget-width,100%);--flex-grow:var(--container-widget-flex-grow,0)}<\/style>\t\t<div class=\"elementor-divider\">\n\t\t\t<span class=\"elementor-divider-separator\">\n\t\t\t\t\t\t<\/span>\n\t\t<\/div>\n\t\t\t\t<\/div>\n\t\t\t\t<\/div>\n\t\t\t\t<div class=\"elementor-element elementor-element-8509fdc elementor-widget elementor-widget-image\" data-id=\"8509fdc\" data-element_type=\"widget\" data-widget_type=\"image.default\">\n\t\t\t\t<div class=\"elementor-widget-container\">\n\t\t\t<style>\/*! elementor - v3.7.8 - 02-10-2022 *\/\n.elementor-widget-image{text-align:center}.elementor-widget-image a{display:inline-block}.elementor-widget-image a img[src$=\".svg\"]{width:48px}.elementor-widget-image img{vertical-align:middle;display:inline-block}<\/style>\t\t\t\t\t\t\t\t\t\t\t\t<img loading=\"lazy\" decoding=\"async\" width=\"570\" height=\"481\" src=\"https:\/\/www.protos.ca\/wp-content\/uploads\/2022\/09\/Atlantic-Roro-Carriers.png\" class=\"attachment-large size-large\" alt=\"\" srcset=\"https:\/\/www.protos.ca\/wp-content\/uploads\/2022\/09\/Atlantic-Roro-Carriers.png 570w, https:\/\/www.protos.ca\/wp-content\/uploads\/2022\/09\/Atlantic-Roro-Carriers-300x253.png 300w\" sizes=\"auto, (max-width: 570px) 100vw, 570px\" \/>\t\t\t\t\t\t\t\t\t\t\t\t\t\t\t<\/div>\n\t\t\t\t<\/div>\n\t\t\t\t\t<\/div>\n\t\t<\/div>\n\t\t\t\t<div class=\"elementor-column elementor-col-50 elementor-top-column elementor-element elementor-element-17a7272\" data-id=\"17a7272\" data-element_type=\"column\">\n\t\t\t<div class=\"elementor-widget-wrap elementor-element-populated\">\n\t\t\t\t\t\t\t\t<div class=\"elementor-element elementor-element-6b215e8 elementor-widget elementor-widget-text-editor\" data-id=\"6b215e8\" data-element_type=\"widget\" data-widget_type=\"text-editor.default\">\n\t\t\t\t<div class=\"elementor-widget-container\">\n\t\t\t<style>\/*! elementor - v3.7.8 - 02-10-2022 *\/\n.elementor-widget-text-editor.elementor-drop-cap-view-stacked .elementor-drop-cap{background-color:#818a91;color:#fff}.elementor-widget-text-editor.elementor-drop-cap-view-framed .elementor-drop-cap{color:#818a91;border:3px solid;background-color:transparent}.elementor-widget-text-editor:not(.elementor-drop-cap-view-default) .elementor-drop-cap{margin-top:8px}.elementor-widget-text-editor:not(.elementor-drop-cap-view-default) .elementor-drop-cap-letter{width:1em;height:1em}.elementor-widget-text-editor .elementor-drop-cap{float:left;text-align:center;line-height:1;font-size:50px}.elementor-widget-text-editor .elementor-drop-cap-letter{display:inline-block}<\/style>\t\t\t\t<p>Une entreprise de services de transport maritime, Atlantic Ro-Ro Carriers a \u00e9t\u00e9 fond\u00e9e en 1995 pour relier le port de Saint-P\u00e9tersbourg en Russie \u00e0 plusieurs ports de la c\u00f4te Est des \u00c9tats-Unis et du golfe du Mexique. Gr\u00e2ce \u00e0 ARRC, la cargaison est livr\u00e9e sans escale, sans transbordement et sans manutention suppl\u00e9mentaire; les exp\u00e9diteurs peuvent donc profiter de d\u00e9lais de livraisons garantis, d\u2019un processus s\u00e9curitaire et d\u2019une infrastructure fiable. La ligne est un chef de file du march\u00e9 \u00e0 l\u2019\u00e9gard des temps de d\u00e9placements transatlantiques et de la fr\u00e9quence des horaires.  <\/p><p>Aujourd\u2019hui, ARRC regroupe cinq entreprises affili\u00e9es, pr\u00e9sente des bureaux \u00e0 Montr\u00e9al (Qu\u00e9.) au Canada, \u00e0 Hoboken (NJ) et \u00e0 Houston (TX) aux \u00c9tats-Unis, ainsi qu\u2019\u00e0 Moscou et Saint-P\u00e9tersbourg en Russie, et compte plus de 100 employ\u00e9s responsables d\u2019acheminer des millions de tonnes de marchandises.<\/p><p>ARRC exploite une flotte de navires modernes, adapt\u00e9s, polyvalents et de cote glace capables de transporter une vaste gamme de chargements et d\u2019assurer des livraisons s\u00e9curitaires et uniformes toute l\u2019ann\u00e9e. Des navires de ce type permettent \u00e0 la ligne de jumeler efficacement des chargements tr\u00e8s diff\u00e9rents \u00e0 destination de l\u2019est et de l\u2019ouest et de r\u00e9duire les temps d\u2019escale aux ports, ce qui fait baisser les co\u00fbts d\u2019exploitation \u00e0 l\u2019avantage de ses clients. <\/p><p>Dans le prolongement de ses services, la ligne offre aussi des livraisons intermodales en provenance et \u00e0 destination de n\u2019importe quel endroit au Canada, aux \u00c9tats-Unis, en Russie et de la r\u00e9gion de la CEI, et appuy\u00e9es par des connaissements exhaustifs et un r\u00e9seau \u00e9tendu de conteneurs.<\/p><p>ARRC est d\u00e9termin\u00e9e \u00e0 offrir un service professionnel respectant les normes les plus \u00e9lev\u00e9es. Son \u00e9quipe hautement qualifi\u00e9e offre un service flexible adapt\u00e9 aux besoins particuliers du client. Chaque appel t\u00e9l\u00e9phonique est trait\u00e9 par une personne en temps r\u00e9el.  <\/p><p><span style=\"font-weight: bold;\">\u00ab DIRECT\u2026FIABLE\u2026\u00c0 TEMPS \u00bb<br>VOIL\u00c0 QUI D\u00c9FINIT LE MIEUX L\u2019ESPRIT DE L\u2019ENTREPRISE<\/span><\/p><p>Atlantic Ro-Ro Carriers offre le seul service transatlantique direct entre le Canada, les \u00c9tats-Unis et la Russie, et offre le temps de d\u00e9placement le plus court, des travers\u00e9es r\u00e9guli\u00e8res et un excellent rendement.<\/p><p>Gr\u00e2ce \u00e0 ARRC, la cargaison est livr\u00e9e sans escale, sans transbordement et sans manutention suppl\u00e9mentaire; les exp\u00e9diteurs peuvent donc profiter de d\u00e9lais de livraisons garantis, d\u2019un processus s\u00e9curitaire et d\u2019une infrastructure fiable.<\/p><p>Des services directs sont offerts \u00e0 partir de HOUSTON, BALTIMORE (MD), CAMDEN (NJ) et HALIFAX pour des cargaisons sp\u00e9ciales \u00e0 destination et en provenance d\u2019Anvers et de SAINT-P\u00c9TERSBOURG. L\u2019ensemble de la Communaut\u00e9 des \u00c9tats ind\u00e9pendants (CEI) est desservie. Les cargaisons par navire roulier, les chargements li\u00e9s \u00e0 des projets, le transport en semi-vrac et les conteneurs sont accept\u00e9s.  <\/p>\t\t\t\t\t\t<\/div>\n\t\t\t\t<\/div>\n\t\t\t\t\t<\/div>\n\t\t<\/div>\n\t\t\t\t\t\t\t<\/div>\n\t\t<\/section>\n\t\t\t\t\t\t\t<\/div>\n\t\t","protected":false},"excerpt":{"rendered":"<p>Atlantic Ro-Ro Carriers Atlantic Ro-Ro Carriers COMMONWEALTH INDEPENDENT STATES NAVIGATION INC. Une entreprise de services de transport maritime, Atlantic Ro-Ro Carriers a \u00e9t\u00e9 fond\u00e9e en 1995 pour relier le port de Saint-P\u00e9tersbourg en Russie \u00e0 plusieurs ports de la c\u00f4te Est des \u00c9tats-Unis et du golfe du Mexique. Gr\u00e2ce \u00e0 ARRC, la cargaison est livr\u00e9e [&hellip;]<\/p>\n","protected":false},"author":1,"featured_media":0,"parent":0,"menu_order":0,"comment_status":"closed","ping_status":"closed","template":"","meta":{"footnotes":""},"class_list":["post-609","page","type-page","status-publish","hentry"],"yoast_head":"<!-- This site is optimized with the Yoast SEO plugin v19.9 - https:\/\/yoast.com\/wordpress\/plugins\/seo\/ -->\n<title>Atlantic Ro-Ro Carriers - Protos<\/title>\n<meta name=\"description\" content=\"Une entreprise de services de transport maritime, Atlantic Ro-Ro Carriers a \u00e9t\u00e9 fond\u00e9e en 1995 pour relier le port de Saint-P\u00e9tersbourg en Russie \u00e0 plusieurs ports de la c\u00f4te Est des \u00c9tats-Unis et du golfe du Mexique.\" \/>\n<meta name=\"robots\" content=\"index, follow, max-snippet:-1, max-image-preview:large, max-video-preview:-1\" \/>\n<link rel=\"canonical\" href=\"https:\/\/www.protos.ca\/fr\/atlantic-ro-ro-carriers\/\" \/>\n<meta property=\"og:locale\" content=\"fr_CA\" \/>\n<meta property=\"og:type\" content=\"article\" \/>\n<meta property=\"og:title\" content=\"Atlantic Ro-Ro Carriers - Protos\" \/>\n<meta property=\"og:description\" content=\"Une entreprise de services de transport maritime, Atlantic Ro-Ro Carriers a \u00e9t\u00e9 fond\u00e9e en 1995 pour relier le port de Saint-P\u00e9tersbourg en Russie \u00e0 plusieurs ports de la c\u00f4te Est des \u00c9tats-Unis et du golfe du Mexique.\" \/>\n<meta property=\"og:url\" content=\"https:\/\/www.protos.ca\/fr\/atlantic-ro-ro-carriers\/\" \/>\n<meta property=\"og:site_name\" content=\"Protos\" \/>\n<meta property=\"article:modified_time\" content=\"2022-09-07T14:36:50+00:00\" \/>\n<meta property=\"og:image\" content=\"https:\/\/protos.2point0media.com\/wp-content\/uploads\/2022\/09\/Atlantic-Roro-Carriers.png\" \/>\n<meta name=\"twitter:card\" content=\"summary_large_image\" \/>\n<meta name=\"twitter:label1\" content=\"Estimation du temps de lecture\" \/>\n\t<meta name=\"twitter:data1\" content=\"3 minutes\" \/>\n<script type=\"application\/ld+json\" class=\"yoast-schema-graph\">{\"@context\":\"https:\/\/schema.org\",\"@graph\":[{\"@type\":\"WebPage\",\"@id\":\"https:\/\/www.protos.ca\/fr\/atlantic-ro-ro-carriers\/\",\"url\":\"https:\/\/www.protos.ca\/fr\/atlantic-ro-ro-carriers\/\",\"name\":\"Atlantic Ro-Ro Carriers - Protos\",\"isPartOf\":{\"@id\":\"https:\/\/www.protos.ca\/fr\/#website\"},\"datePublished\":\"2022-09-01T12:18:08+00:00\",\"dateModified\":\"2022-09-07T14:36:50+00:00\",\"description\":\"Une entreprise de services de transport maritime, Atlantic Ro-Ro Carriers a \u00e9t\u00e9 fond\u00e9e en 1995 pour relier le port de Saint-P\u00e9tersbourg en Russie \u00e0 plusieurs ports de la c\u00f4te Est des \u00c9tats-Unis et du golfe du Mexique.\",\"breadcrumb\":{\"@id\":\"https:\/\/www.protos.ca\/fr\/atlantic-ro-ro-carriers\/#breadcrumb\"},\"inLanguage\":\"fr-CA\",\"potentialAction\":[{\"@type\":\"ReadAction\",\"target\":[\"https:\/\/www.protos.ca\/fr\/atlantic-ro-ro-carriers\/\"]}]},{\"@type\":\"BreadcrumbList\",\"@id\":\"https:\/\/www.protos.ca\/fr\/atlantic-ro-ro-carriers\/#breadcrumb\",\"itemListElement\":[{\"@type\":\"ListItem\",\"position\":1,\"name\":\"Home\",\"item\":\"https:\/\/www.protos.ca\/fr\/\"},{\"@type\":\"ListItem\",\"position\":2,\"name\":\"Atlantic Ro-Ro Carriers\"}]},{\"@type\":\"WebSite\",\"@id\":\"https:\/\/www.protos.ca\/fr\/#website\",\"url\":\"https:\/\/www.protos.ca\/fr\/\",\"name\":\"Protos\",\"description\":\"\",\"potentialAction\":[{\"@type\":\"SearchAction\",\"target\":{\"@type\":\"EntryPoint\",\"urlTemplate\":\"https:\/\/www.protos.ca\/fr\/?s={search_term_string}\"},\"query-input\":\"required name=search_term_string\"}],\"inLanguage\":\"fr-CA\"}]}<\/script>\n<!-- \/ Yoast SEO plugin. -->","yoast_head_json":{"title":"Atlantic Ro-Ro Carriers - Protos","description":"Une entreprise de services de transport maritime, Atlantic Ro-Ro Carriers a \u00e9t\u00e9 fond\u00e9e en 1995 pour relier le port de Saint-P\u00e9tersbourg en Russie \u00e0 plusieurs ports de la c\u00f4te Est des \u00c9tats-Unis et du golfe du Mexique.","robots":{"index":"index","follow":"follow","max-snippet":"max-snippet:-1","max-image-preview":"max-image-preview:large","max-video-preview":"max-video-preview:-1"},"canonical":"https:\/\/www.protos.ca\/fr\/atlantic-ro-ro-carriers\/","og_locale":"fr_CA","og_type":"article","og_title":"Atlantic Ro-Ro Carriers - Protos","og_description":"Une entreprise de services de transport maritime, Atlantic Ro-Ro Carriers a \u00e9t\u00e9 fond\u00e9e en 1995 pour relier le port de Saint-P\u00e9tersbourg en Russie \u00e0 plusieurs ports de la c\u00f4te Est des \u00c9tats-Unis et du golfe du Mexique.","og_url":"https:\/\/www.protos.ca\/fr\/atlantic-ro-ro-carriers\/","og_site_name":"Protos","article_modified_time":"2022-09-07T14:36:50+00:00","og_image":[{"url":"https:\/\/protos.2point0media.com\/wp-content\/uploads\/2022\/09\/Atlantic-Roro-Carriers.png"}],"twitter_card":"summary_large_image","twitter_misc":{"Estimation du temps de lecture":"3 minutes"},"schema":{"@context":"https:\/\/schema.org","@graph":[{"@type":"WebPage","@id":"https:\/\/www.protos.ca\/fr\/atlantic-ro-ro-carriers\/","url":"https:\/\/www.protos.ca\/fr\/atlantic-ro-ro-carriers\/","name":"Atlantic Ro-Ro Carriers - Protos","isPartOf":{"@id":"https:\/\/www.protos.ca\/fr\/#website"},"datePublished":"2022-09-01T12:18:08+00:00","dateModified":"2022-09-07T14:36:50+00:00","description":"Une entreprise de services de transport maritime, Atlantic Ro-Ro Carriers a \u00e9t\u00e9 fond\u00e9e en 1995 pour relier le port de Saint-P\u00e9tersbourg en Russie \u00e0 plusieurs ports de la c\u00f4te Est des \u00c9tats-Unis et du golfe du Mexique.","breadcrumb":{"@id":"https:\/\/www.protos.ca\/fr\/atlantic-ro-ro-carriers\/#breadcrumb"},"inLanguage":"fr-CA","potentialAction":[{"@type":"ReadAction","target":["https:\/\/www.protos.ca\/fr\/atlantic-ro-ro-carriers\/"]}]},{"@type":"BreadcrumbList","@id":"https:\/\/www.protos.ca\/fr\/atlantic-ro-ro-carriers\/#breadcrumb","itemListElement":[{"@type":"ListItem","position":1,"name":"Home","item":"https:\/\/www.protos.ca\/fr\/"},{"@type":"ListItem","position":2,"name":"Atlantic Ro-Ro Carriers"}]},{"@type":"WebSite","@id":"https:\/\/www.protos.ca\/fr\/#website","url":"https:\/\/www.protos.ca\/fr\/","name":"Protos","description":"","potentialAction":[{"@type":"SearchAction","target":{"@type":"EntryPoint","urlTemplate":"https:\/\/www.protos.ca\/fr\/?s={search_term_string}"},"query-input":"required name=search_term_string"}],"inLanguage":"fr-CA"}]}},"_links":{"self":[{"href":"https:\/\/www.protos.ca\/fr\/wp-json\/wp\/v2\/pages\/609","targetHints":{"allow":["GET"]}}],"collection":[{"href":"https:\/\/www.protos.ca\/fr\/wp-json\/wp\/v2\/pages"}],"about":[{"href":"https:\/\/www.protos.ca\/fr\/wp-json\/wp\/v2\/types\/page"}],"author":[{"embeddable":true,"href":"https:\/\/www.protos.ca\/fr\/wp-json\/wp\/v2\/users\/1"}],"replies":[{"embeddable":true,"href":"https:\/\/www.protos.ca\/fr\/wp-json\/wp\/v2\/comments?post=609"}],"version-history":[{"count":2,"href":"https:\/\/www.protos.ca\/fr\/wp-json\/wp\/v2\/pages\/609\/revisions"}],"predecessor-version":[{"id":633,"href":"https:\/\/www.protos.ca\/fr\/wp-json\/wp\/v2\/pages\/609\/revisions\/633"}],"wp:attachment":[{"href":"https:\/\/www.protos.ca\/fr\/wp-json\/wp\/v2\/media?parent=609"}],"curies":[{"name":"wp","href":"https:\/\/api.w.org\/{rel}","templated":true}]}}