{"id":590,"date":"2022-08-31T11:54:46","date_gmt":"2022-08-31T15:54:46","guid":{"rendered":"https:\/\/protos.2point0media.com\/cargaison-liee-a-un-projet\/"},"modified":"2022-09-09T12:26:34","modified_gmt":"2022-09-09T16:26:34","slug":"cargaison-liee-a-un-projet","status":"publish","type":"page","link":"https:\/\/www.protos.ca\/fr\/cargaison-liee-a-un-projet\/","title":{"rendered":"Cargaison li\u00e9e \u00e0 un projet"},"content":{"rendered":"\t\t<div data-elementor-type=\"wp-page\" data-elementor-id=\"590\" class=\"elementor elementor-590 elementor-348\">\n\t\t\t\t\t\t\t\t\t<section class=\"elementor-section elementor-top-section elementor-element elementor-element-86f02cf elementor-section-boxed elementor-section-height-default elementor-section-height-default\" data-id=\"86f02cf\" data-element_type=\"section\" data-settings=\"{&quot;background_background&quot;:&quot;classic&quot;}\">\n\t\t\t\t\t\t<div class=\"elementor-container elementor-column-gap-default\">\n\t\t\t\t\t<div class=\"elementor-column elementor-col-100 elementor-top-column elementor-element elementor-element-eae6d09\" data-id=\"eae6d09\" data-element_type=\"column\">\n\t\t\t<div class=\"elementor-widget-wrap elementor-element-populated\">\n\t\t\t\t\t\t\t\t<div class=\"elementor-element elementor-element-ab7eb38 elementor-widget elementor-widget-heading\" data-id=\"ab7eb38\" data-element_type=\"widget\" data-widget_type=\"heading.default\">\n\t\t\t\t<div class=\"elementor-widget-container\">\n\t\t\t<style>\/*! elementor - v3.7.8 - 02-10-2022 *\/\n.elementor-heading-title{padding:0;margin:0;line-height:1}.elementor-widget-heading .elementor-heading-title[class*=elementor-size-]>a{color:inherit;font-size:inherit;line-height:inherit}.elementor-widget-heading .elementor-heading-title.elementor-size-small{font-size:15px}.elementor-widget-heading .elementor-heading-title.elementor-size-medium{font-size:19px}.elementor-widget-heading .elementor-heading-title.elementor-size-large{font-size:29px}.elementor-widget-heading .elementor-heading-title.elementor-size-xl{font-size:39px}.elementor-widget-heading .elementor-heading-title.elementor-size-xxl{font-size:59px}<\/style><h1 class=\"elementor-heading-title elementor-size-default\">Cargaison li\u00e9e \u00e0 un projet<\/h1>\t\t<\/div>\n\t\t\t\t<\/div>\n\t\t\t\t\t<\/div>\n\t\t<\/div>\n\t\t\t\t\t\t\t<\/div>\n\t\t<\/section>\n\t\t\t\t<section class=\"elementor-section elementor-top-section elementor-element elementor-element-30efcfe elementor-reverse-mobile elementor-section-boxed elementor-section-height-default elementor-section-height-default\" data-id=\"30efcfe\" data-element_type=\"section\">\n\t\t\t\t\t\t<div class=\"elementor-container elementor-column-gap-default\">\n\t\t\t\t\t<div class=\"elementor-column elementor-col-50 elementor-top-column elementor-element elementor-element-11c4301\" data-id=\"11c4301\" data-element_type=\"column\">\n\t\t\t<div class=\"elementor-widget-wrap elementor-element-populated\">\n\t\t\t\t\t\t\t\t<div class=\"elementor-element elementor-element-1653cc4 elementor-tablet-align-center elementor-icon-list--layout-traditional elementor-list-item-link-full_width elementor-widget elementor-widget-icon-list\" data-id=\"1653cc4\" data-element_type=\"widget\" data-widget_type=\"icon-list.default\">\n\t\t\t\t<div class=\"elementor-widget-container\">\n\t\t\t<link rel=\"stylesheet\" href=\"https:\/\/www.protos.ca\/wp-content\/plugins\/elementor\/assets\/css\/widget-icon-list.min.css\">\t\t<ul class=\"elementor-icon-list-items\">\n\t\t\t\t\t\t\t<li class=\"elementor-icon-list-item\">\n\t\t\t\t\t\t\t\t\t\t\t<a href=\"\/fr\/logistique\/\">\n\n\t\t\t\t\t\t\t\t\t\t\t<span class=\"elementor-icon-list-text\">Logistique<\/span>\n\t\t\t\t\t\t\t\t\t\t\t<\/a>\n\t\t\t\t\t\t\t\t\t<\/li>\n\t\t\t\t\t\t\t\t<li class=\"elementor-icon-list-item\">\n\t\t\t\t\t\t\t\t\t\t\t<a href=\"\/fr\/transport-terrestre-intermodal\/\">\n\n\t\t\t\t\t\t\t\t\t\t\t<span class=\"elementor-icon-list-text\">Transport terrestre \/ intermodal<\/span>\n\t\t\t\t\t\t\t\t\t\t\t<\/a>\n\t\t\t\t\t\t\t\t\t<\/li>\n\t\t\t\t\t\t\t\t<li class=\"elementor-icon-list-item\">\n\t\t\t\t\t\t\t\t\t\t\t<a href=\"\/fr\/entreposage-transbordement\/\">\n\n\t\t\t\t\t\t\t\t\t\t\t<span class=\"elementor-icon-list-text\">Entreposage \/ transbordement<\/span>\n\t\t\t\t\t\t\t\t\t\t\t<\/a>\n\t\t\t\t\t\t\t\t\t<\/li>\n\t\t\t\t\t\t<\/ul>\n\t\t\t\t<\/div>\n\t\t\t\t<\/div>\n\t\t\t\t\t<\/div>\n\t\t<\/div>\n\t\t\t\t<div class=\"elementor-column elementor-col-50 elementor-top-column elementor-element elementor-element-6f7099f\" data-id=\"6f7099f\" data-element_type=\"column\">\n\t\t\t<div class=\"elementor-widget-wrap elementor-element-populated\">\n\t\t\t\t\t\t\t\t<div class=\"elementor-element elementor-element-809778a elementor-widget elementor-widget-image\" data-id=\"809778a\" data-element_type=\"widget\" data-widget_type=\"image.default\">\n\t\t\t\t<div class=\"elementor-widget-container\">\n\t\t\t<style>\/*! elementor - v3.7.8 - 02-10-2022 *\/\n.elementor-widget-image{text-align:center}.elementor-widget-image a{display:inline-block}.elementor-widget-image a img[src$=\".svg\"]{width:48px}.elementor-widget-image img{vertical-align:middle;display:inline-block}<\/style>\t\t\t\t\t\t\t\t\t\t\t\t<img loading=\"lazy\" decoding=\"async\" width=\"900\" height=\"506\" src=\"https:\/\/www.protos.ca\/wp-content\/uploads\/2022\/08\/project-cargo.jpg\" class=\"attachment-full size-full\" alt=\"\" srcset=\"https:\/\/www.protos.ca\/wp-content\/uploads\/2022\/08\/project-cargo.jpg 900w, https:\/\/www.protos.ca\/wp-content\/uploads\/2022\/08\/project-cargo-300x169.jpg 300w, https:\/\/www.protos.ca\/wp-content\/uploads\/2022\/08\/project-cargo-768x432.jpg 768w\" sizes=\"auto, (max-width: 900px) 100vw, 900px\" \/>\t\t\t\t\t\t\t\t\t\t\t\t\t\t\t<\/div>\n\t\t\t\t<\/div>\n\t\t\t\t<section class=\"elementor-section elementor-inner-section elementor-element elementor-element-1d7a741 elementor-section-boxed elementor-section-height-default elementor-section-height-default\" data-id=\"1d7a741\" data-element_type=\"section\">\n\t\t\t\t\t\t<div class=\"elementor-container elementor-column-gap-default\">\n\t\t\t\t\t<div class=\"elementor-column elementor-col-100 elementor-inner-column elementor-element elementor-element-6486bba\" data-id=\"6486bba\" data-element_type=\"column\">\n\t\t\t<div class=\"elementor-widget-wrap elementor-element-populated\">\n\t\t\t\t\t\t\t\t<div class=\"elementor-element elementor-element-b12a84d elementor-widget elementor-widget-heading\" data-id=\"b12a84d\" data-element_type=\"widget\" data-widget_type=\"heading.default\">\n\t\t\t\t<div class=\"elementor-widget-container\">\n\t\t\t<h2 class=\"elementor-heading-title elementor-size-default\">Cargaison li\u00e9e \u00e0 un projet\n<\/h2>\t\t<\/div>\n\t\t\t\t<\/div>\n\t\t\t\t<div class=\"elementor-element elementor-element-a83c44f elementor-widget elementor-widget-text-editor\" data-id=\"a83c44f\" data-element_type=\"widget\" data-widget_type=\"text-editor.default\">\n\t\t\t\t<div class=\"elementor-widget-container\">\n\t\t\t<style>\/*! elementor - v3.7.8 - 02-10-2022 *\/\n.elementor-widget-text-editor.elementor-drop-cap-view-stacked .elementor-drop-cap{background-color:#818a91;color:#fff}.elementor-widget-text-editor.elementor-drop-cap-view-framed .elementor-drop-cap{color:#818a91;border:3px solid;background-color:transparent}.elementor-widget-text-editor:not(.elementor-drop-cap-view-default) .elementor-drop-cap{margin-top:8px}.elementor-widget-text-editor:not(.elementor-drop-cap-view-default) .elementor-drop-cap-letter{width:1em;height:1em}.elementor-widget-text-editor .elementor-drop-cap{float:left;text-align:center;line-height:1;font-size:50px}.elementor-widget-text-editor .elementor-drop-cap-letter{display:inline-block}<\/style>\t\t\t\t<p>L\u2019\u00e9quipe exp\u00e9riment\u00e9e de Protos Shipping Limited se sp\u00e9cialise dans le transport de tous les modes de contrats de projets complets et de cargaisons de colis lourds surdimensionn\u00e9s. Vous trouverez ci-dessous des photos de t\u00e2ches accomplies par nos professionnels en mati\u00e8re de transport.<br>Avec des contacts dans le monde entier, nous offrons des strat\u00e9gies ing\u00e9nieuses pour r\u00e9pondre aux besoins de nos clients. Sachant que chaque exp\u00e9dition est unique, nous abordons chaque chargement avec une \u00e9quipe pratique pour r\u00e9pondre au mieux \u00e0 vos besoins de transport, de l\u2019origine \u00e0 la destination. <\/p>\t\t\t\t\t\t<\/div>\n\t\t\t\t<\/div>\n\t\t\t\t<div class=\"elementor-element elementor-element-0353e02 elementor-widget elementor-widget-text-editor\" data-id=\"0353e02\" data-element_type=\"widget\" data-widget_type=\"text-editor.default\">\n\t\t\t\t<div class=\"elementor-widget-container\">\n\t\t\t\t\t\t\t<p>Cliquez sur la galerie ci-dessous pour agrandir l\u2019image et voir plus d\u2019informations :<\/p>\t\t\t\t\t\t<\/div>\n\t\t\t\t<\/div>\n\t\t\t\t<div class=\"elementor-element elementor-element-6ef5435 elementor-skin-carousel elementor-arrows-yes elementor-widget elementor-widget-media-carousel\" data-id=\"6ef5435\" data-element_type=\"widget\" data-settings=\"{&quot;slides_per_view&quot;:&quot;3&quot;,&quot;slides_to_scroll&quot;:&quot;1&quot;,&quot;skin&quot;:&quot;carousel&quot;,&quot;effect&quot;:&quot;slide&quot;,&quot;show_arrows&quot;:&quot;yes&quot;,&quot;speed&quot;:500,&quot;autoplay&quot;:&quot;yes&quot;,&quot;autoplay_speed&quot;:5000,&quot;loop&quot;:&quot;yes&quot;,&quot;pause_on_hover&quot;:&quot;yes&quot;,&quot;pause_on_interaction&quot;:&quot;yes&quot;,&quot;space_between&quot;:{&quot;unit&quot;:&quot;px&quot;,&quot;size&quot;:10,&quot;sizes&quot;:[]},&quot;space_between_tablet&quot;:{&quot;unit&quot;:&quot;px&quot;,&quot;size&quot;:10,&quot;sizes&quot;:[]},&quot;space_between_mobile&quot;:{&quot;unit&quot;:&quot;px&quot;,&quot;size&quot;:10,&quot;sizes&quot;:[]}}\" data-widget_type=\"media-carousel.default\">\n\t\t\t\t<div class=\"elementor-widget-container\">\n\t\t\t<link rel=\"stylesheet\" href=\"https:\/\/www.protos.ca\/wp-content\/plugins\/elementor-pro\/assets\/css\/widget-carousel.min.css\">\t\t<div class=\"elementor-swiper\">\n\t\t\t<div class=\"elementor-main-swiper swiper-container\">\n\t\t\t\t<div class=\"swiper-wrapper\">\n\t\t\t\t\t\t\t\t\t\t\t<div class=\"swiper-slide\">\n\t\t\t\t\t\t\t\t\t<div class=\"elementor-carousel-image\" style=\"background-image: url(https:\/\/www.protos.ca\/wp-content\/uploads\/2022\/08\/project-cargo-gallery1.jpg)\">\n\n\t\t\t\n\t\t\t\t\t<\/div>\n\t\t\t\t\t<div class=\"elementor-carousel-image-overlay e-overlay-animation-fade\">\n\t\t\t\tD\u00e9m\u00e9nagement du tunnelier du port de Puerto Cabello \u00e0 Valence, Venezuela\t\t\t<\/div>\n\t\t\t\t\t\t\t\t\t<\/div>\n\t\t\t\t\t\t\t\t\t\t\t<div class=\"swiper-slide\">\n\t\t\t\t\t\t\t\t\t<div class=\"elementor-carousel-image\" style=\"background-image: url(https:\/\/www.protos.ca\/wp-content\/uploads\/2022\/09\/project-cargo-gallery2.jpg)\">\n\n\t\t\t\n\t\t\t\t\t<\/div>\n\t\t\t\t\t<div class=\"elementor-carousel-image-overlay e-overlay-animation-fade\">\n\t\t\t\tProjet de d\u00e9mant\u00e8lement d'une usine compl\u00e8te d'ammoniac pr\u00e8s de Sarnia via le port de Hamilton\t\t\t<\/div>\n\t\t\t\t\t\t\t\t\t<\/div>\n\t\t\t\t\t\t\t\t\t\t\t<div class=\"swiper-slide\">\n\t\t\t\t\t\t\t\t\t<div class=\"elementor-carousel-image\" style=\"background-image: url(https:\/\/www.protos.ca\/wp-content\/uploads\/2022\/09\/project-cargo-gallery3.jpg)\">\n\n\t\t\t\n\t\t\t\t\t<\/div>\n\t\t\t\t\t<div class=\"elementor-carousel-image-overlay e-overlay-animation-fade\">\n\t\t\t\tUsine d'ammoniac en Chine\t\t\t<\/div>\n\t\t\t\t\t\t\t\t\t<\/div>\n\t\t\t\t\t\t\t\t\t\t\t<div class=\"swiper-slide\">\n\t\t\t\t\t\t\t\t\t<div class=\"elementor-carousel-image\" style=\"background-image: url(https:\/\/www.protos.ca\/wp-content\/uploads\/2022\/09\/project-cargo-gallery4.jpg)\">\n\n\t\t\t\n\t\t\t\t\t<\/div>\n\t\t\t\t\t<div class=\"elementor-carousel-image-overlay e-overlay-animation-fade\">\n\t\t\t\tUsine d'ammoniac vers la Chine (navire de 250 tonnes \u00e0 descendre au sol pour l'exp\u00e9dition)\t\t\t<\/div>\n\t\t\t\t\t\t\t\t\t<\/div>\n\t\t\t\t\t\t\t\t\t\t\t<div class=\"swiper-slide\">\n\t\t\t\t\t\t\t\t\t<div class=\"elementor-carousel-image\" style=\"background-image: url(https:\/\/www.protos.ca\/wp-content\/uploads\/2022\/09\/project-cargo-gallery5.jpg)\">\n\n\t\t\t\n\t\t\t\t\t<\/div>\n\t\t\t\t\t<div class=\"elementor-carousel-image-overlay e-overlay-animation-fade\">\n\t\t\t\tNavire sous pression Sorel vers la Libye\t\t\t<\/div>\n\t\t\t\t\t\t\t\t\t<\/div>\n\t\t\t\t\t\t\t\t\t\t\t<div class=\"swiper-slide\">\n\t\t\t\t\t\t\t\t\t<div class=\"elementor-carousel-image\" style=\"background-image: url(https:\/\/www.protos.ca\/wp-content\/uploads\/2022\/09\/project-cargo-gallery6.jpg)\">\n\n\t\t\t\n\t\t\t\t\t<\/div>\n\t\t\t\t\t<div class=\"elementor-carousel-image-overlay e-overlay-animation-fade\">\n\t\t\t\tD\u00e9m\u00e9nagement TBM de Toronto \u00e0 Singapour via Halifax\t\t\t<\/div>\n\t\t\t\t\t\t\t\t\t<\/div>\n\t\t\t\t\t\t\t\t\t\t\t<div class=\"swiper-slide\">\n\t\t\t\t\t\t\t\t\t<div class=\"elementor-carousel-image\" style=\"background-image: url(https:\/\/www.protos.ca\/wp-content\/uploads\/2022\/09\/project-cargo-gallery7.jpg)\">\n\n\t\t\t\n\t\t\t\t\t<\/div>\n\t\t\t\t\t<div class=\"elementor-carousel-image-overlay e-overlay-animation-fade\">\n\t\t\t\tSatellite entrant d'Italie pour livraison \u00e0 Ottawa\n\t\t\t<\/div>\n\t\t\t\t\t\t\t\t\t<\/div>\n\t\t\t\t\t\t\t\t\t\t\t<div class=\"swiper-slide\">\n\t\t\t\t\t\t\t\t\t<div class=\"elementor-carousel-image\" style=\"background-image: url(https:\/\/www.protos.ca\/wp-content\/uploads\/2022\/09\/project-cargo-gallery8.jpg)\">\n\n\t\t\t\n\t\t\t\t\t<\/div>\n\t\t\t\t\t<div class=\"elementor-carousel-image-overlay e-overlay-animation-fade\">\n\t\t\t\tTransformer D\u00e9placez Jacksonville \u00e0 Atlanta en train\t\t\t<\/div>\n\t\t\t\t\t\t\t\t\t<\/div>\n\t\t\t\t\t\t\t\t\t\t\t<div class=\"swiper-slide\">\n\t\t\t\t\t\t\t\t\t<div class=\"elementor-carousel-image\" style=\"background-image: url(https:\/\/www.protos.ca\/wp-content\/uploads\/2022\/09\/project-cargo-gallery9.jpg)\">\n\n\t\t\t\n\t\t\t\t\t<\/div>\n\t\t\t\t\t<div class=\"elementor-carousel-image-overlay e-overlay-animation-fade\">\n\t\t\t\tD\u00e9m\u00e9nagement TBM de Toronto vers l'Italie via Halifax\t\t\t<\/div>\n\t\t\t\t\t\t\t\t\t<\/div>\n\t\t\t\t\t\t\t\t\t\t\t<div class=\"swiper-slide\">\n\t\t\t\t\t\t\t\t\t<div class=\"elementor-carousel-image\" style=\"background-image: url(https:\/\/www.protos.ca\/wp-content\/uploads\/2022\/09\/project-cargo-gallery10.jpg)\">\n\n\t\t\t\n\t\t\t\t\t<\/div>\n\t\t\t\t\t<div class=\"elementor-carousel-image-overlay e-overlay-animation-fade\">\n\t\t\t\tCouronne entrante pour la presse automobile du Br\u00e9sil via Hamilton \u00e0 Concord, ON\t\t\t<\/div>\n\t\t\t\t\t\t\t\t\t<\/div>\n\t\t\t\t\t\t\t\t\t\t\t<div class=\"swiper-slide\">\n\t\t\t\t\t\t\t\t\t<div class=\"elementor-carousel-image\" style=\"background-image: url(https:\/\/www.protos.ca\/wp-content\/uploads\/2022\/09\/project-cargo-gallery11.jpg)\">\n\n\t\t\t\n\t\t\t\t\t<\/div>\n\t\t\t\t\t<div class=\"elementor-carousel-image-overlay e-overlay-animation-fade\">\n\t\t\t\tD\u00e9m\u00e9nagement du syst\u00e8me de concasseur de l'Espagne via Valleyfield, QC et Cochrane, ON pour une mine d'or dans le nord de l'Ontario\t\t\t<\/div>\n\t\t\t\t\t\t\t\t\t<\/div>\n\t\t\t\t\t\t\t\t\t\t\t<div class=\"swiper-slide\">\n\t\t\t\t\t\t\t\t\t<div class=\"elementor-carousel-image\" style=\"background-image: url(https:\/\/www.protos.ca\/wp-content\/uploads\/2022\/09\/project-cargo-gallery12.jpg)\">\n\n\t\t\t\n\t\t\t\t\t<\/div>\n\t\t\t\t\t<div class=\"elementor-carousel-image-overlay e-overlay-animation-fade\">\n\t\t\t\tD\u00e9m\u00e9nagement du syst\u00e8me de concasseur de l'Espagne via Valleyfield, QC et Cochrane, ON pour une mine d'or dans le nord de l'Ontario\t\t\t<\/div>\n\t\t\t\t\t\t\t\t\t<\/div>\n\t\t\t\t\t\t\t\t\t\t\t<div class=\"swiper-slide\">\n\t\t\t\t\t\t\t\t\t<div class=\"elementor-carousel-image\" style=\"background-image: url(https:\/\/www.protos.ca\/wp-content\/uploads\/2022\/09\/project-cargo-gallery13.jpg)\">\n\n\t\t\t\n\t\t\t\t\t<\/div>\n\t\t\t\t\t<div class=\"elementor-carousel-image-overlay e-overlay-animation-fade\">\n\t\t\t\tExp\u00e9dition de TBM par fret a\u00e9rien de Toronto vers l'Angleterre\t\t\t<\/div>\n\t\t\t\t\t\t\t\t\t<\/div>\n\t\t\t\t\t\t\t\t\t\t\t<div class=\"swiper-slide\">\n\t\t\t\t\t\t\t\t\t<div class=\"elementor-carousel-image\" style=\"background-image: url(https:\/\/www.protos.ca\/wp-content\/uploads\/2022\/09\/project-cargo-gallery14.jpg)\">\n\n\t\t\t\n\t\t\t\t\t<\/div>\n\t\t\t\t\t<div class=\"elementor-carousel-image-overlay e-overlay-animation-fade\">\n\t\t\t\tSyst\u00e8me de concasseur pour mine d'or dans le nord de l'Ontario\t\t\t<\/div>\n\t\t\t\t\t\t\t\t\t<\/div>\n\t\t\t\t\t\t\t\t\t\t\t<div class=\"swiper-slide\">\n\t\t\t\t\t\t\t\t\t<div class=\"elementor-carousel-image\" style=\"background-image: url(https:\/\/www.protos.ca\/wp-content\/uploads\/2022\/09\/project-cargo-gallery15.jpg)\">\n\n\t\t\t\n\t\t\t\t\t<\/div>\n\t\t\t\t\t<div class=\"elementor-carousel-image-overlay e-overlay-animation-fade\">\n\t\t\t\tSyst\u00e8me de concasseur vers le nord de l'Ontario\t\t\t<\/div>\n\t\t\t\t\t\t\t\t\t<\/div>\n\t\t\t\t\t\t\t\t\t<\/div>\n\t\t\t\t\t\t\t\t\t\t\t\t\t\t\t\t\t\t\t\t<div class=\"elementor-swiper-button elementor-swiper-button-prev\">\n\t\t\t\t\t\t\t<i aria-hidden=\"true\" class=\"eicon-chevron-left\"><\/i>\t\t\t\t\t\t\t<span class=\"elementor-screen-only\">Pr\u00e9c\u00e9dent<\/span>\n\t\t\t\t\t\t<\/div>\n\t\t\t\t\t\t<div class=\"elementor-swiper-button elementor-swiper-button-next\">\n\t\t\t\t\t\t\t<i aria-hidden=\"true\" class=\"eicon-chevron-right\"><\/i>\t\t\t\t\t\t\t<span class=\"elementor-screen-only\">Suivant<\/span>\n\t\t\t\t\t\t<\/div>\n\t\t\t\t\t\t\t\t\t\t\t\t<\/div>\n\t\t<\/div>\n\t\t\t\t<\/div>\n\t\t\t\t<\/div>\n\t\t\t\t<section class=\"elementor-section elementor-inner-section elementor-element elementor-element-42fb2c7 elementor-section-boxed elementor-section-height-default elementor-section-height-default\" data-id=\"42fb2c7\" data-element_type=\"section\">\n\t\t\t\t\t\t<div class=\"elementor-container elementor-column-gap-default\">\n\t\t\t\t\t<div class=\"elementor-column elementor-col-50 elementor-inner-column elementor-element elementor-element-aa3d6aa\" data-id=\"aa3d6aa\" data-element_type=\"column\" data-settings=\"{&quot;background_background&quot;:&quot;classic&quot;}\">\n\t\t\t<div class=\"elementor-widget-wrap elementor-element-populated\">\n\t\t\t\t\t\t\t\t<div class=\"elementor-element elementor-element-0d11d35 elementor-widget elementor-widget-heading\" data-id=\"0d11d35\" data-element_type=\"widget\" data-widget_type=\"heading.default\">\n\t\t\t\t<div class=\"elementor-widget-container\">\n\t\t\t<h2 class=\"elementor-heading-title elementor-size-default\">Avez-vous une question?\n<\/h2>\t\t<\/div>\n\t\t\t\t<\/div>\n\t\t\t\t<div class=\"elementor-element elementor-element-6c146d9 elementor-mobile-align-center elementor-widget elementor-widget-button\" data-id=\"6c146d9\" data-element_type=\"widget\" data-widget_type=\"button.default\">\n\t\t\t\t<div class=\"elementor-widget-container\">\n\t\t\t\t\t<div class=\"elementor-button-wrapper\">\n\t\t\t<a href=\"https:\/\/www.protos.ca\/fr\/nous-joindre\/\" class=\"elementor-button-link elementor-button elementor-size-sm\" role=\"button\">\n\t\t\t\t\t\t<span class=\"elementor-button-content-wrapper\">\n\t\t\t\t\t\t<span class=\"elementor-button-text\">Nous joindre<\/span>\n\t\t<\/span>\n\t\t\t\t\t<\/a>\n\t\t<\/div>\n\t\t\t\t<\/div>\n\t\t\t\t<\/div>\n\t\t\t\t\t<\/div>\n\t\t<\/div>\n\t\t\t\t<div class=\"elementor-column elementor-col-50 elementor-inner-column elementor-element elementor-element-dec015f\" data-id=\"dec015f\" data-element_type=\"column\">\n\t\t\t<div class=\"elementor-widget-wrap\">\n\t\t\t\t\t\t\t\t\t<\/div>\n\t\t<\/div>\n\t\t\t\t\t\t\t<\/div>\n\t\t<\/section>\n\t\t\t\t\t<\/div>\n\t\t<\/div>\n\t\t\t\t\t\t\t<\/div>\n\t\t<\/section>\n\t\t\t\t\t<\/div>\n\t\t<\/div>\n\t\t\t\t\t\t\t<\/div>\n\t\t<\/section>\n\t\t\t\t\t\t\t<\/div>\n\t\t","protected":false},"excerpt":{"rendered":"<p>Cargaison li\u00e9e \u00e0 un projet Logistique Transport terrestre \/ intermodal Entreposage \/ transbordement Cargaison li\u00e9e \u00e0 un projet L\u2019\u00e9quipe exp\u00e9riment\u00e9e de Protos Shipping Limited se sp\u00e9cialise dans le transport de tous les modes de contrats de projets complets et de cargaisons de colis lourds surdimensionn\u00e9s. Vous trouverez ci-dessous des photos de t\u00e2ches accomplies par nos [&hellip;]<\/p>\n","protected":false},"author":1,"featured_media":0,"parent":0,"menu_order":0,"comment_status":"closed","ping_status":"closed","template":"","meta":{"footnotes":""},"class_list":["post-590","page","type-page","status-publish","hentry"],"yoast_head":"<!-- This site is optimized with the Yoast SEO plugin v19.9 - https:\/\/yoast.com\/wordpress\/plugins\/seo\/ -->\n<title>Cargaison li\u00e9e \u00e0 un projet - Protos<\/title>\n<meta name=\"description\" content=\"L\u2019\u00e9quipe exp\u00e9riment\u00e9e de Protos Shipping Limited se sp\u00e9cialise dans le transport de tous les modes de contrats de projets complets et de cargaisons de colis lourds surdimensionn\u00e9s.\" \/>\n<meta name=\"robots\" content=\"index, follow, max-snippet:-1, max-image-preview:large, max-video-preview:-1\" \/>\n<link rel=\"canonical\" href=\"https:\/\/www.protos.ca\/fr\/cargaison-liee-a-un-projet\/\" \/>\n<meta property=\"og:locale\" content=\"fr_CA\" \/>\n<meta property=\"og:type\" content=\"article\" \/>\n<meta property=\"og:title\" content=\"Cargaison li\u00e9e \u00e0 un projet - Protos\" \/>\n<meta property=\"og:description\" content=\"L\u2019\u00e9quipe exp\u00e9riment\u00e9e de Protos Shipping Limited se sp\u00e9cialise dans le transport de tous les modes de contrats de projets complets et de cargaisons de colis lourds surdimensionn\u00e9s.\" \/>\n<meta property=\"og:url\" content=\"https:\/\/www.protos.ca\/fr\/cargaison-liee-a-un-projet\/\" \/>\n<meta property=\"og:site_name\" content=\"Protos\" \/>\n<meta property=\"article:modified_time\" content=\"2022-09-09T16:26:34+00:00\" \/>\n<meta property=\"og:image\" content=\"https:\/\/protos.2point0media.com\/wp-content\/uploads\/2022\/08\/project-cargo.jpg\" \/>\n<meta name=\"twitter:card\" content=\"summary_large_image\" \/>\n<meta name=\"twitter:label1\" content=\"Estimation du temps de lecture\" \/>\n\t<meta name=\"twitter:data1\" content=\"3 minutes\" \/>\n<script type=\"application\/ld+json\" class=\"yoast-schema-graph\">{\"@context\":\"https:\/\/schema.org\",\"@graph\":[{\"@type\":\"WebPage\",\"@id\":\"https:\/\/www.protos.ca\/fr\/cargaison-liee-a-un-projet\/\",\"url\":\"https:\/\/www.protos.ca\/fr\/cargaison-liee-a-un-projet\/\",\"name\":\"Cargaison li\u00e9e \u00e0 un projet - Protos\",\"isPartOf\":{\"@id\":\"https:\/\/www.protos.ca\/fr\/#website\"},\"datePublished\":\"2022-08-31T15:54:46+00:00\",\"dateModified\":\"2022-09-09T16:26:34+00:00\",\"description\":\"L\u2019\u00e9quipe exp\u00e9riment\u00e9e de Protos Shipping Limited se sp\u00e9cialise dans le transport de tous les modes de contrats de projets complets et de cargaisons de colis lourds surdimensionn\u00e9s.\",\"breadcrumb\":{\"@id\":\"https:\/\/www.protos.ca\/fr\/cargaison-liee-a-un-projet\/#breadcrumb\"},\"inLanguage\":\"fr-CA\",\"potentialAction\":[{\"@type\":\"ReadAction\",\"target\":[\"https:\/\/www.protos.ca\/fr\/cargaison-liee-a-un-projet\/\"]}]},{\"@type\":\"BreadcrumbList\",\"@id\":\"https:\/\/www.protos.ca\/fr\/cargaison-liee-a-un-projet\/#breadcrumb\",\"itemListElement\":[{\"@type\":\"ListItem\",\"position\":1,\"name\":\"Home\",\"item\":\"https:\/\/www.protos.ca\/fr\/\"},{\"@type\":\"ListItem\",\"position\":2,\"name\":\"Cargaison li\u00e9e \u00e0 un projet\"}]},{\"@type\":\"WebSite\",\"@id\":\"https:\/\/www.protos.ca\/fr\/#website\",\"url\":\"https:\/\/www.protos.ca\/fr\/\",\"name\":\"Protos\",\"description\":\"\",\"potentialAction\":[{\"@type\":\"SearchAction\",\"target\":{\"@type\":\"EntryPoint\",\"urlTemplate\":\"https:\/\/www.protos.ca\/fr\/?s={search_term_string}\"},\"query-input\":\"required name=search_term_string\"}],\"inLanguage\":\"fr-CA\"}]}<\/script>\n<!-- \/ Yoast SEO plugin. -->","yoast_head_json":{"title":"Cargaison li\u00e9e \u00e0 un projet - Protos","description":"L\u2019\u00e9quipe exp\u00e9riment\u00e9e de Protos Shipping Limited se sp\u00e9cialise dans le transport de tous les modes de contrats de projets complets et de cargaisons de colis lourds surdimensionn\u00e9s.","robots":{"index":"index","follow":"follow","max-snippet":"max-snippet:-1","max-image-preview":"max-image-preview:large","max-video-preview":"max-video-preview:-1"},"canonical":"https:\/\/www.protos.ca\/fr\/cargaison-liee-a-un-projet\/","og_locale":"fr_CA","og_type":"article","og_title":"Cargaison li\u00e9e \u00e0 un projet - Protos","og_description":"L\u2019\u00e9quipe exp\u00e9riment\u00e9e de Protos Shipping Limited se sp\u00e9cialise dans le transport de tous les modes de contrats de projets complets et de cargaisons de colis lourds surdimensionn\u00e9s.","og_url":"https:\/\/www.protos.ca\/fr\/cargaison-liee-a-un-projet\/","og_site_name":"Protos","article_modified_time":"2022-09-09T16:26:34+00:00","og_image":[{"url":"https:\/\/protos.2point0media.com\/wp-content\/uploads\/2022\/08\/project-cargo.jpg"}],"twitter_card":"summary_large_image","twitter_misc":{"Estimation du temps de lecture":"3 minutes"},"schema":{"@context":"https:\/\/schema.org","@graph":[{"@type":"WebPage","@id":"https:\/\/www.protos.ca\/fr\/cargaison-liee-a-un-projet\/","url":"https:\/\/www.protos.ca\/fr\/cargaison-liee-a-un-projet\/","name":"Cargaison li\u00e9e \u00e0 un projet - Protos","isPartOf":{"@id":"https:\/\/www.protos.ca\/fr\/#website"},"datePublished":"2022-08-31T15:54:46+00:00","dateModified":"2022-09-09T16:26:34+00:00","description":"L\u2019\u00e9quipe exp\u00e9riment\u00e9e de Protos Shipping Limited se sp\u00e9cialise dans le transport de tous les modes de contrats de projets complets et de cargaisons de colis lourds surdimensionn\u00e9s.","breadcrumb":{"@id":"https:\/\/www.protos.ca\/fr\/cargaison-liee-a-un-projet\/#breadcrumb"},"inLanguage":"fr-CA","potentialAction":[{"@type":"ReadAction","target":["https:\/\/www.protos.ca\/fr\/cargaison-liee-a-un-projet\/"]}]},{"@type":"BreadcrumbList","@id":"https:\/\/www.protos.ca\/fr\/cargaison-liee-a-un-projet\/#breadcrumb","itemListElement":[{"@type":"ListItem","position":1,"name":"Home","item":"https:\/\/www.protos.ca\/fr\/"},{"@type":"ListItem","position":2,"name":"Cargaison li\u00e9e \u00e0 un projet"}]},{"@type":"WebSite","@id":"https:\/\/www.protos.ca\/fr\/#website","url":"https:\/\/www.protos.ca\/fr\/","name":"Protos","description":"","potentialAction":[{"@type":"SearchAction","target":{"@type":"EntryPoint","urlTemplate":"https:\/\/www.protos.ca\/fr\/?s={search_term_string}"},"query-input":"required name=search_term_string"}],"inLanguage":"fr-CA"}]}},"_links":{"self":[{"href":"https:\/\/www.protos.ca\/fr\/wp-json\/wp\/v2\/pages\/590","targetHints":{"allow":["GET"]}}],"collection":[{"href":"https:\/\/www.protos.ca\/fr\/wp-json\/wp\/v2\/pages"}],"about":[{"href":"https:\/\/www.protos.ca\/fr\/wp-json\/wp\/v2\/types\/page"}],"author":[{"embeddable":true,"href":"https:\/\/www.protos.ca\/fr\/wp-json\/wp\/v2\/users\/1"}],"replies":[{"embeddable":true,"href":"https:\/\/www.protos.ca\/fr\/wp-json\/wp\/v2\/comments?post=590"}],"version-history":[{"count":13,"href":"https:\/\/www.protos.ca\/fr\/wp-json\/wp\/v2\/pages\/590\/revisions"}],"predecessor-version":[{"id":830,"href":"https:\/\/www.protos.ca\/fr\/wp-json\/wp\/v2\/pages\/590\/revisions\/830"}],"wp:attachment":[{"href":"https:\/\/www.protos.ca\/fr\/wp-json\/wp\/v2\/media?parent=590"}],"curies":[{"name":"wp","href":"https:\/\/api.w.org\/{rel}","templated":true}]}}