{"id":588,"date":"2022-08-31T11:44:19","date_gmt":"2022-08-31T15:44:19","guid":{"rendered":"https:\/\/protos.2point0media.com\/logistique\/"},"modified":"2022-09-09T12:24:51","modified_gmt":"2022-09-09T16:24:51","slug":"logistique","status":"publish","type":"page","link":"https:\/\/www.protos.ca\/fr\/logistique\/","title":{"rendered":"Logistique"},"content":{"rendered":"\t\t<div data-elementor-type=\"wp-page\" data-elementor-id=\"588\" class=\"elementor elementor-588 elementor-327\">\n\t\t\t\t\t\t\t\t\t<section class=\"elementor-section elementor-top-section elementor-element elementor-element-6386ecc elementor-section-boxed elementor-section-height-default elementor-section-height-default\" data-id=\"6386ecc\" data-element_type=\"section\" data-settings=\"{&quot;background_background&quot;:&quot;classic&quot;}\">\n\t\t\t\t\t\t<div class=\"elementor-container elementor-column-gap-default\">\n\t\t\t\t\t<div class=\"elementor-column elementor-col-100 elementor-top-column elementor-element elementor-element-a6f6f11\" data-id=\"a6f6f11\" data-element_type=\"column\">\n\t\t\t<div class=\"elementor-widget-wrap elementor-element-populated\">\n\t\t\t\t\t\t\t\t<div class=\"elementor-element elementor-element-593f313 elementor-widget elementor-widget-heading\" data-id=\"593f313\" data-element_type=\"widget\" data-widget_type=\"heading.default\">\n\t\t\t\t<div class=\"elementor-widget-container\">\n\t\t\t<style>\/*! elementor - v3.7.8 - 02-10-2022 *\/\n.elementor-heading-title{padding:0;margin:0;line-height:1}.elementor-widget-heading .elementor-heading-title[class*=elementor-size-]>a{color:inherit;font-size:inherit;line-height:inherit}.elementor-widget-heading .elementor-heading-title.elementor-size-small{font-size:15px}.elementor-widget-heading .elementor-heading-title.elementor-size-medium{font-size:19px}.elementor-widget-heading .elementor-heading-title.elementor-size-large{font-size:29px}.elementor-widget-heading .elementor-heading-title.elementor-size-xl{font-size:39px}.elementor-widget-heading .elementor-heading-title.elementor-size-xxl{font-size:59px}<\/style><h1 class=\"elementor-heading-title elementor-size-default\">Logistique<\/h1>\t\t<\/div>\n\t\t\t\t<\/div>\n\t\t\t\t\t<\/div>\n\t\t<\/div>\n\t\t\t\t\t\t\t<\/div>\n\t\t<\/section>\n\t\t\t\t<section class=\"elementor-section elementor-top-section elementor-element elementor-element-c7ee907 elementor-reverse-mobile elementor-section-boxed elementor-section-height-default elementor-section-height-default\" data-id=\"c7ee907\" data-element_type=\"section\">\n\t\t\t\t\t\t<div class=\"elementor-container elementor-column-gap-default\">\n\t\t\t\t\t<div class=\"elementor-column elementor-col-50 elementor-top-column elementor-element elementor-element-8ae7715\" data-id=\"8ae7715\" data-element_type=\"column\">\n\t\t\t<div class=\"elementor-widget-wrap elementor-element-populated\">\n\t\t\t\t\t\t\t\t<div class=\"elementor-element elementor-element-14eea5c elementor-tablet-align-center elementor-icon-list--layout-traditional elementor-list-item-link-full_width elementor-widget elementor-widget-icon-list\" data-id=\"14eea5c\" data-element_type=\"widget\" data-widget_type=\"icon-list.default\">\n\t\t\t\t<div class=\"elementor-widget-container\">\n\t\t\t<link rel=\"stylesheet\" href=\"https:\/\/www.protos.ca\/wp-content\/plugins\/elementor\/assets\/css\/widget-icon-list.min.css\">\t\t<ul class=\"elementor-icon-list-items\">\n\t\t\t\t\t\t\t<li class=\"elementor-icon-list-item\">\n\t\t\t\t\t\t\t\t\t\t\t<a href=\"\/fr\/cargaison-liee-a-un-projet\/\">\n\n\t\t\t\t\t\t\t\t\t\t\t<span class=\"elementor-icon-list-text\">Cargaison li\u00e9e \u00e0 un projet<\/span>\n\t\t\t\t\t\t\t\t\t\t\t<\/a>\n\t\t\t\t\t\t\t\t\t<\/li>\n\t\t\t\t\t\t\t\t<li class=\"elementor-icon-list-item\">\n\t\t\t\t\t\t\t\t\t\t\t<a href=\"\/fr\/transport-terrestre-intermodal\/\">\n\n\t\t\t\t\t\t\t\t\t\t\t<span class=\"elementor-icon-list-text\">Transport terrestre \/ intermodal<\/span>\n\t\t\t\t\t\t\t\t\t\t\t<\/a>\n\t\t\t\t\t\t\t\t\t<\/li>\n\t\t\t\t\t\t\t\t<li class=\"elementor-icon-list-item\">\n\t\t\t\t\t\t\t\t\t\t\t<a href=\"\/fr\/entreposage-transbordement\/\">\n\n\t\t\t\t\t\t\t\t\t\t\t<span class=\"elementor-icon-list-text\">Entreposage \/ transbordement<\/span>\n\t\t\t\t\t\t\t\t\t\t\t<\/a>\n\t\t\t\t\t\t\t\t\t<\/li>\n\t\t\t\t\t\t<\/ul>\n\t\t\t\t<\/div>\n\t\t\t\t<\/div>\n\t\t\t\t\t<\/div>\n\t\t<\/div>\n\t\t\t\t<div class=\"elementor-column elementor-col-50 elementor-top-column elementor-element elementor-element-1d51cb0\" data-id=\"1d51cb0\" data-element_type=\"column\">\n\t\t\t<div class=\"elementor-widget-wrap elementor-element-populated\">\n\t\t\t\t\t\t\t\t<div class=\"elementor-element elementor-element-cde493a elementor-widget elementor-widget-image\" data-id=\"cde493a\" data-element_type=\"widget\" data-widget_type=\"image.default\">\n\t\t\t\t<div class=\"elementor-widget-container\">\n\t\t\t<style>\/*! elementor - v3.7.8 - 02-10-2022 *\/\n.elementor-widget-image{text-align:center}.elementor-widget-image a{display:inline-block}.elementor-widget-image a img[src$=\".svg\"]{width:48px}.elementor-widget-image img{vertical-align:middle;display:inline-block}<\/style>\t\t\t\t\t\t\t\t\t\t\t\t<img loading=\"lazy\" decoding=\"async\" width=\"900\" height=\"506\" src=\"https:\/\/www.protos.ca\/wp-content\/uploads\/2022\/08\/logistics.jpg\" class=\"attachment-full size-full\" alt=\"\" srcset=\"https:\/\/www.protos.ca\/wp-content\/uploads\/2022\/08\/logistics.jpg 900w, https:\/\/www.protos.ca\/wp-content\/uploads\/2022\/08\/logistics-300x169.jpg 300w, https:\/\/www.protos.ca\/wp-content\/uploads\/2022\/08\/logistics-768x432.jpg 768w\" sizes=\"auto, (max-width: 900px) 100vw, 900px\" \/>\t\t\t\t\t\t\t\t\t\t\t\t\t\t\t<\/div>\n\t\t\t\t<\/div>\n\t\t\t\t<section class=\"elementor-section elementor-inner-section elementor-element elementor-element-f9a4f55 elementor-section-boxed elementor-section-height-default elementor-section-height-default\" data-id=\"f9a4f55\" data-element_type=\"section\">\n\t\t\t\t\t\t<div class=\"elementor-container elementor-column-gap-default\">\n\t\t\t\t\t<div class=\"elementor-column elementor-col-100 elementor-inner-column elementor-element elementor-element-c0b96f8\" data-id=\"c0b96f8\" data-element_type=\"column\">\n\t\t\t<div class=\"elementor-widget-wrap elementor-element-populated\">\n\t\t\t\t\t\t\t\t<div class=\"elementor-element elementor-element-026580a elementor-widget elementor-widget-heading\" data-id=\"026580a\" data-element_type=\"widget\" data-widget_type=\"heading.default\">\n\t\t\t\t<div class=\"elementor-widget-container\">\n\t\t\t<h2 class=\"elementor-heading-title elementor-size-default\">Logistique<\/h2>\t\t<\/div>\n\t\t\t\t<\/div>\n\t\t\t\t<div class=\"elementor-element elementor-element-355399b elementor-widget elementor-widget-text-editor\" data-id=\"355399b\" data-element_type=\"widget\" data-widget_type=\"text-editor.default\">\n\t\t\t\t<div class=\"elementor-widget-container\">\n\t\t\t<style>\/*! elementor - v3.7.8 - 02-10-2022 *\/\n.elementor-widget-text-editor.elementor-drop-cap-view-stacked .elementor-drop-cap{background-color:#818a91;color:#fff}.elementor-widget-text-editor.elementor-drop-cap-view-framed .elementor-drop-cap{color:#818a91;border:3px solid;background-color:transparent}.elementor-widget-text-editor:not(.elementor-drop-cap-view-default) .elementor-drop-cap{margin-top:8px}.elementor-widget-text-editor:not(.elementor-drop-cap-view-default) .elementor-drop-cap-letter{width:1em;height:1em}.elementor-widget-text-editor .elementor-drop-cap{float:left;text-align:center;line-height:1;font-size:50px}.elementor-widget-text-editor .elementor-drop-cap-letter{display:inline-block}<\/style>\t\t\t\t<p>Nous vous offrons tous les services n\u00e9cessaires pour r\u00e9pondre \u00e0 vos besoins de transport porte-\u00e0-porte concernant des cargaisons ordinaires, li\u00e9es \u00e0 un projet ou surdimensionn\u00e9es peu importe le lieu d\u2019origine et la destination.<\/p>\t\t\t\t\t\t<\/div>\n\t\t\t\t<\/div>\n\t\t\t\t<section class=\"elementor-section elementor-inner-section elementor-element elementor-element-363c4ef elementor-section-boxed elementor-section-height-default elementor-section-height-default\" data-id=\"363c4ef\" data-element_type=\"section\">\n\t\t\t\t\t\t<div class=\"elementor-container elementor-column-gap-default\">\n\t\t\t\t\t<div class=\"elementor-column elementor-col-50 elementor-inner-column elementor-element elementor-element-74a45f0\" data-id=\"74a45f0\" data-element_type=\"column\" data-settings=\"{&quot;background_background&quot;:&quot;classic&quot;}\">\n\t\t\t<div class=\"elementor-widget-wrap elementor-element-populated\">\n\t\t\t\t\t\t\t\t<div class=\"elementor-element elementor-element-cdaee08 elementor-widget elementor-widget-heading\" data-id=\"cdaee08\" data-element_type=\"widget\" data-widget_type=\"heading.default\">\n\t\t\t\t<div class=\"elementor-widget-container\">\n\t\t\t<h2 class=\"elementor-heading-title elementor-size-default\">Avez-vous une question?\n<\/h2>\t\t<\/div>\n\t\t\t\t<\/div>\n\t\t\t\t<div class=\"elementor-element elementor-element-cb47dee elementor-mobile-align-center elementor-widget elementor-widget-button\" data-id=\"cb47dee\" data-element_type=\"widget\" data-widget_type=\"button.default\">\n\t\t\t\t<div class=\"elementor-widget-container\">\n\t\t\t\t\t<div class=\"elementor-button-wrapper\">\n\t\t\t<a href=\"\/fr\/nous-joindre\/\" class=\"elementor-button-link elementor-button elementor-size-sm\" role=\"button\">\n\t\t\t\t\t\t<span class=\"elementor-button-content-wrapper\">\n\t\t\t\t\t\t<span class=\"elementor-button-text\">Nous joindre<\/span>\n\t\t<\/span>\n\t\t\t\t\t<\/a>\n\t\t<\/div>\n\t\t\t\t<\/div>\n\t\t\t\t<\/div>\n\t\t\t\t\t<\/div>\n\t\t<\/div>\n\t\t\t\t<div class=\"elementor-column elementor-col-50 elementor-inner-column elementor-element elementor-element-c02caaa\" data-id=\"c02caaa\" data-element_type=\"column\">\n\t\t\t<div class=\"elementor-widget-wrap\">\n\t\t\t\t\t\t\t\t\t<\/div>\n\t\t<\/div>\n\t\t\t\t\t\t\t<\/div>\n\t\t<\/section>\n\t\t\t\t\t<\/div>\n\t\t<\/div>\n\t\t\t\t\t\t\t<\/div>\n\t\t<\/section>\n\t\t\t\t\t<\/div>\n\t\t<\/div>\n\t\t\t\t\t\t\t<\/div>\n\t\t<\/section>\n\t\t\t\t\t\t\t<\/div>\n\t\t","protected":false},"excerpt":{"rendered":"<p>Logistique Cargaison li\u00e9e \u00e0 un projet Transport terrestre \/ intermodal Entreposage \/ transbordement Logistique Nous vous offrons tous les services n\u00e9cessaires pour r\u00e9pondre \u00e0 vos besoins de transport porte-\u00e0-porte concernant des cargaisons ordinaires, li\u00e9es \u00e0 un projet ou surdimensionn\u00e9es peu importe le lieu d\u2019origine et la destination. Avez-vous une question? Nous joindre<\/p>\n","protected":false},"author":1,"featured_media":0,"parent":0,"menu_order":0,"comment_status":"closed","ping_status":"closed","template":"","meta":{"footnotes":""},"class_list":["post-588","page","type-page","status-publish","hentry"],"yoast_head":"<!-- This site is optimized with the Yoast SEO plugin v19.9 - https:\/\/yoast.com\/wordpress\/plugins\/seo\/ -->\n<title>Logistique - Protos<\/title>\n<meta name=\"description\" content=\"Nous vous offrons tous les services n\u00e9cessaires pour r\u00e9pondre \u00e0 vos besoins de transport porte-\u00e0-porte concernant des cargaisons ordinaires, li\u00e9es \u00e0 un projet ou surdimensionn\u00e9es peu importe le lieu d\u2019origine et la destination.\" \/>\n<meta name=\"robots\" content=\"index, follow, max-snippet:-1, max-image-preview:large, max-video-preview:-1\" \/>\n<link rel=\"canonical\" href=\"https:\/\/www.protos.ca\/fr\/logistique\/\" \/>\n<meta property=\"og:locale\" content=\"fr_CA\" \/>\n<meta property=\"og:type\" content=\"article\" \/>\n<meta property=\"og:title\" content=\"Logistique - Protos\" \/>\n<meta property=\"og:description\" content=\"Nous vous offrons tous les services n\u00e9cessaires pour r\u00e9pondre \u00e0 vos besoins de transport porte-\u00e0-porte concernant des cargaisons ordinaires, li\u00e9es \u00e0 un projet ou surdimensionn\u00e9es peu importe le lieu d\u2019origine et la destination.\" \/>\n<meta property=\"og:url\" content=\"https:\/\/www.protos.ca\/fr\/logistique\/\" \/>\n<meta property=\"og:site_name\" content=\"Protos\" \/>\n<meta property=\"article:modified_time\" content=\"2022-09-09T16:24:51+00:00\" \/>\n<meta property=\"og:image\" content=\"https:\/\/protos.2point0media.com\/wp-content\/uploads\/2022\/08\/logistics.jpg\" \/>\n<meta name=\"twitter:card\" content=\"summary_large_image\" \/>\n<meta name=\"twitter:label1\" content=\"Estimation du temps de lecture\" \/>\n\t<meta name=\"twitter:data1\" content=\"1 minute\" \/>\n<script type=\"application\/ld+json\" class=\"yoast-schema-graph\">{\"@context\":\"https:\/\/schema.org\",\"@graph\":[{\"@type\":\"WebPage\",\"@id\":\"https:\/\/www.protos.ca\/fr\/logistique\/\",\"url\":\"https:\/\/www.protos.ca\/fr\/logistique\/\",\"name\":\"Logistique - Protos\",\"isPartOf\":{\"@id\":\"https:\/\/www.protos.ca\/fr\/#website\"},\"datePublished\":\"2022-08-31T15:44:19+00:00\",\"dateModified\":\"2022-09-09T16:24:51+00:00\",\"description\":\"Nous vous offrons tous les services n\u00e9cessaires pour r\u00e9pondre \u00e0 vos besoins de transport porte-\u00e0-porte concernant des cargaisons ordinaires, li\u00e9es \u00e0 un projet ou surdimensionn\u00e9es peu importe le lieu d\u2019origine et la destination.\",\"breadcrumb\":{\"@id\":\"https:\/\/www.protos.ca\/fr\/logistique\/#breadcrumb\"},\"inLanguage\":\"fr-CA\",\"potentialAction\":[{\"@type\":\"ReadAction\",\"target\":[\"https:\/\/www.protos.ca\/fr\/logistique\/\"]}]},{\"@type\":\"BreadcrumbList\",\"@id\":\"https:\/\/www.protos.ca\/fr\/logistique\/#breadcrumb\",\"itemListElement\":[{\"@type\":\"ListItem\",\"position\":1,\"name\":\"Home\",\"item\":\"https:\/\/www.protos.ca\/fr\/\"},{\"@type\":\"ListItem\",\"position\":2,\"name\":\"Logistique\"}]},{\"@type\":\"WebSite\",\"@id\":\"https:\/\/www.protos.ca\/fr\/#website\",\"url\":\"https:\/\/www.protos.ca\/fr\/\",\"name\":\"Protos\",\"description\":\"\",\"potentialAction\":[{\"@type\":\"SearchAction\",\"target\":{\"@type\":\"EntryPoint\",\"urlTemplate\":\"https:\/\/www.protos.ca\/fr\/?s={search_term_string}\"},\"query-input\":\"required name=search_term_string\"}],\"inLanguage\":\"fr-CA\"}]}<\/script>\n<!-- \/ Yoast SEO plugin. -->","yoast_head_json":{"title":"Logistique - Protos","description":"Nous vous offrons tous les services n\u00e9cessaires pour r\u00e9pondre \u00e0 vos besoins de transport porte-\u00e0-porte concernant des cargaisons ordinaires, li\u00e9es \u00e0 un projet ou surdimensionn\u00e9es peu importe le lieu d\u2019origine et la destination.","robots":{"index":"index","follow":"follow","max-snippet":"max-snippet:-1","max-image-preview":"max-image-preview:large","max-video-preview":"max-video-preview:-1"},"canonical":"https:\/\/www.protos.ca\/fr\/logistique\/","og_locale":"fr_CA","og_type":"article","og_title":"Logistique - Protos","og_description":"Nous vous offrons tous les services n\u00e9cessaires pour r\u00e9pondre \u00e0 vos besoins de transport porte-\u00e0-porte concernant des cargaisons ordinaires, li\u00e9es \u00e0 un projet ou surdimensionn\u00e9es peu importe le lieu d\u2019origine et la destination.","og_url":"https:\/\/www.protos.ca\/fr\/logistique\/","og_site_name":"Protos","article_modified_time":"2022-09-09T16:24:51+00:00","og_image":[{"url":"https:\/\/protos.2point0media.com\/wp-content\/uploads\/2022\/08\/logistics.jpg"}],"twitter_card":"summary_large_image","twitter_misc":{"Estimation du temps de lecture":"1 minute"},"schema":{"@context":"https:\/\/schema.org","@graph":[{"@type":"WebPage","@id":"https:\/\/www.protos.ca\/fr\/logistique\/","url":"https:\/\/www.protos.ca\/fr\/logistique\/","name":"Logistique - Protos","isPartOf":{"@id":"https:\/\/www.protos.ca\/fr\/#website"},"datePublished":"2022-08-31T15:44:19+00:00","dateModified":"2022-09-09T16:24:51+00:00","description":"Nous vous offrons tous les services n\u00e9cessaires pour r\u00e9pondre \u00e0 vos besoins de transport porte-\u00e0-porte concernant des cargaisons ordinaires, li\u00e9es \u00e0 un projet ou surdimensionn\u00e9es peu importe le lieu d\u2019origine et la destination.","breadcrumb":{"@id":"https:\/\/www.protos.ca\/fr\/logistique\/#breadcrumb"},"inLanguage":"fr-CA","potentialAction":[{"@type":"ReadAction","target":["https:\/\/www.protos.ca\/fr\/logistique\/"]}]},{"@type":"BreadcrumbList","@id":"https:\/\/www.protos.ca\/fr\/logistique\/#breadcrumb","itemListElement":[{"@type":"ListItem","position":1,"name":"Home","item":"https:\/\/www.protos.ca\/fr\/"},{"@type":"ListItem","position":2,"name":"Logistique"}]},{"@type":"WebSite","@id":"https:\/\/www.protos.ca\/fr\/#website","url":"https:\/\/www.protos.ca\/fr\/","name":"Protos","description":"","potentialAction":[{"@type":"SearchAction","target":{"@type":"EntryPoint","urlTemplate":"https:\/\/www.protos.ca\/fr\/?s={search_term_string}"},"query-input":"required name=search_term_string"}],"inLanguage":"fr-CA"}]}},"_links":{"self":[{"href":"https:\/\/www.protos.ca\/fr\/wp-json\/wp\/v2\/pages\/588","targetHints":{"allow":["GET"]}}],"collection":[{"href":"https:\/\/www.protos.ca\/fr\/wp-json\/wp\/v2\/pages"}],"about":[{"href":"https:\/\/www.protos.ca\/fr\/wp-json\/wp\/v2\/types\/page"}],"author":[{"embeddable":true,"href":"https:\/\/www.protos.ca\/fr\/wp-json\/wp\/v2\/users\/1"}],"replies":[{"embeddable":true,"href":"https:\/\/www.protos.ca\/fr\/wp-json\/wp\/v2\/comments?post=588"}],"version-history":[{"count":11,"href":"https:\/\/www.protos.ca\/fr\/wp-json\/wp\/v2\/pages\/588\/revisions"}],"predecessor-version":[{"id":827,"href":"https:\/\/www.protos.ca\/fr\/wp-json\/wp\/v2\/pages\/588\/revisions\/827"}],"wp:attachment":[{"href":"https:\/\/www.protos.ca\/fr\/wp-json\/wp\/v2\/media?parent=588"}],"curies":[{"name":"wp","href":"https:\/\/api.w.org\/{rel}","templated":true}]}}